{"id":12,"date":"2014-04-10T11:10:08","date_gmt":"2014-04-10T11:10:08","guid":{"rendered":"http:\/\/localhost\/sinomed\/de\/?page_id=12"},"modified":"2014-12-04T08:56:17","modified_gmt":"2014-12-04T08:56:17","slug":"qi-et-les-meridiens","status":"publish","type":"page","link":"https:\/\/sinomed.ch\/fr\/medecine-traditionnelle-chinoise\/fondements\/qi-et-les-meridiens\/","title":{"rendered":"Qi et les M\u00e9ridiens"},"content":{"rendered":"<p><img loading=\"lazy\" decoding=\"async\" class=\"size-full wp-image-1348 alignleft\" src=\"https:\/\/sinomed.ch\/fr\/wp-content\/uploads\/2014\/04\/Qi_Meridiane_Fotolia_54874735_L.jpg\" alt=\"Qi et les M\u00e9ridiens\" width=\"200\" height=\"300\" \/>La m\u00e9decine traditionnelle chinoise pense que le Qi a cinq fonctions principales dans le corps humain : le Qi a un effet de stimulation et de promotion de la croissance et du d\u00e9veloppement physique, ainsi que de l\u2019activit\u00e9 physiologique des organes, m\u00e9ridiens et autres organismes.<\/p>\n<p>Le fonctionnement du Qi permet de maintenir une temp\u00e9rature corporelle normale, assurant ainsi une activit\u00e9 physiologique normale des organismes. Cet effet s\u2019appelle: \u00ab effet r\u00e9chauffement \u00bb. Il peut prot\u00e9ger tout le corps et lutter contre l\u2019invasion de divers maux exog\u00e8nes. Il a un r\u00f4le de d\u00e9fense naturelle contre la maladie. Il assure le fonctionnement normal du sang et des fluides corporels comme les substances liquides, il peut alimenter tous les organismes du corps. Le Qi peut \u00eatre \u00e9galement en mesure de contr\u00f4ler le volume de s\u00e9cr\u00e9tion de la sueur, l\u2019urine et d\u2019autres liquides organiques, et optimiser le fonctionnement des fluides corporels.<\/p>\n<p>Le mouvement de la circulation du Qi influe sur les changements des activit\u00e9s de la vie humaine. Le sang, tout comme le Qi, est une base de la constitution physique et du maintien des activit\u00e9s de la vie humaine. Le sang est produit principalement par la digestion et l\u2019absorption des aliments par la rate et l\u2019estomac. Le sang nourrit le corps par les vaisseaux sanguins et fournit \u00e9galement le mat\u00e9riel de base pour l\u2019activit\u00e9 spirituelle de l\u2019homme. S\u2019il a suffisamment de sang, l\u2019homme peut \u00eatre \u00e9nergique, penser clairement et \u00eatre sensible.<\/p>\n<p>Selon le concept de la M\u00e9decine Traditionnelle Chinoise les m\u00e9ridiens constituent les voies \u00e0 travers lesquelles circule le Qi. On distingue principalement douze m\u00e9ridiens qui traversent le corps. Ils peuvent \u00eatre stimul\u00e9s \u00e0 la surface du corps.<\/p>\n<p>Normalement, le Qi circule de mani\u00e8re naturelle dans le syst\u00e8me des m\u00e9ridiens. Cependant des influences externes et internes peuvent modifier, d\u00e9ranger, voire bloquer le syst\u00e8me, causer des accumulations ou des d\u00e9viations du Qi. La M\u00e9decine Traditionnelle Chinoise consid\u00e8re qu\u2019\u00e0 la base de toute maladie il y a une perturbation dans le syst\u00e8me des m\u00e9ridiens. Les praticiens diagnostiquent ces d\u00e9rangements et les suppriment, soit par un traitement local \u2013 acupuncture de points bien d\u00e9finis -, soit par le traitement du m\u00e9ridien entier afin de r\u00e9tablir l\u2019\u00e9quilibre du flux.<\/p>\n","protected":false},"excerpt":{"rendered":"<p>La m\u00e9decine traditionnelle chinoise pense que le Qi a cinq fonctions principales dans le corps humain : le Qi a un effet de stimulation et de promotion de la croissance et du d\u00e9veloppement physique, ainsi que de l\u2019activit\u00e9 physiologique des organes, m\u00e9ridiens et autres organismes. Le fonctionnement du Qi permet de maintenir une temp\u00e9rature corporelle&#8230;  <a class=\"excerpt-read-more\" href=\"https:\/\/sinomed.ch\/fr\/medecine-traditionnelle-chinoise\/fondements\/qi-et-les-meridiens\/\" title=\"Lire Qi et les M\u00e9ridiens\">En savoir plus\u2026<\/a><\/p>\n","protected":false},"author":1,"featured_media":0,"parent":10,"menu_order":0,"comment_status":"open","ping_status":"open","template":"","meta":{"footnotes":""},"_links":{"self":[{"href":"https:\/\/sinomed.ch\/fr\/wp-json\/wp\/v2\/pages\/12"}],"collection":[{"href":"https:\/\/sinomed.ch\/fr\/wp-json\/wp\/v2\/pages"}],"about":[{"href":"https:\/\/sinomed.ch\/fr\/wp-json\/wp\/v2\/types\/page"}],"author":[{"embeddable":true,"href":"https:\/\/sinomed.ch\/fr\/wp-json\/wp\/v2\/users\/1"}],"replies":[{"embeddable":true,"href":"https:\/\/sinomed.ch\/fr\/wp-json\/wp\/v2\/comments?post=12"}],"version-history":[{"count":0,"href":"https:\/\/sinomed.ch\/fr\/wp-json\/wp\/v2\/pages\/12\/revisions"}],"up":[{"embeddable":true,"href":"https:\/\/sinomed.ch\/fr\/wp-json\/wp\/v2\/pages\/10"}],"wp:attachment":[{"href":"https:\/\/sinomed.ch\/fr\/wp-json\/wp\/v2\/media?parent=12"}],"curies":[{"name":"wp","href":"https:\/\/api.w.org\/{rel}","templated":true}]}}