{"id":13,"date":"2014-04-10T11:11:02","date_gmt":"2014-04-10T11:11:02","guid":{"rendered":"http:\/\/localhost\/sinomed\/de\/?page_id=13"},"modified":"2014-12-11T08:57:12","modified_gmt":"2014-12-11T08:57:12","slug":"yin-et-yang","status":"publish","type":"page","link":"https:\/\/sinomed.ch\/fr\/medecine-traditionnelle-chinoise\/fondements\/yin-et-yang\/","title":{"rendered":"Yin et Yang"},"content":{"rendered":"<p><img loading=\"lazy\" decoding=\"async\" class=\"alignleft size-full wp-image-328\" style=\"margin-bottom: 2em;\" src=\"https:\/\/sinomed.ch\/fr\/wp-content\/uploads\/2014\/04\/Jing_Jang_Fotolia_49099078_XL.jpg\" alt=\"Yin et Yang\" width=\"286\" height=\"300\" \/>Le Yin et le Yang peuvent \u00eatre consid\u00e9r\u00e9s comme deux forces dans un m\u00eame temps oppos\u00e9es et compl\u00e9mentaires. Alors que l&rsquo;une sera active et \u00e9mettrice (Yang), l&rsquo;autre sera passive et r\u00e9ceptrice (Yin). Toute existence en ce monde serait due au mouvement du Yin au Yang et vice versa.<\/p>\n<p>Cette Th\u00e9orie du Yin Yang a jet\u00e9 les bases de la M\u00e9decine traditionnelle chinoise (MTC) et il serait impossible de parler de physiologie, de pathologie, de diagnostic ou de traitement sans faire r\u00e9f\u00e9rence au Yin et au Yang. La Th\u00e9orie du Yin Yang lie l&rsquo;ensemble des ph\u00e9nom\u00e8nes observables, de l&rsquo;interaction des astres et des plan\u00e8tes jusqu&rsquo;\u00e0 l&rsquo;organisation des moindres formes de vie. En fait, cette th\u00e9orie d\u00e9coule directement de la fa\u00e7on dont nous appr\u00e9hendons le monde par nos cinq sens. Ce que nous percevons, c&rsquo;est la surface du monde; nous la d\u00e9codons et l&rsquo;organisons dans notre mental, en proc\u00e9dant par cat\u00e9gorisation.<\/p>\n<p>Le caract\u00e8re chinois qui d\u00e9signe le Yang repr\u00e9sente le c\u00f4t\u00e9 d&rsquo;une montagne expos\u00e9 \u00e0 la lumi\u00e8re, \u00e0 la chaleur et au vent. Le caract\u00e8re du Yin repr\u00e9sente le c\u00f4t\u00e9 de la montagne dans l&rsquo;ombre des nuages, l\u00e0 o\u00f9 il fait plus frais, plus sombre et plus humide. Yin et Yang ne repr\u00e9sentent toutefois pas une r\u00e9alit\u00e9 fig\u00e9e, mais une tendance particuli\u00e8re. L&rsquo;expression des polarit\u00e9s Yin ou Yang n&rsquo;est jamais stable, elle n&rsquo;existe qu&rsquo;en tant que dynamisme. Yin et Yang s&rsquo;opposent constamment et passent progressivement par diff\u00e9rentes phases de croissance et de d\u00e9croissance, selon des cycles g\u00e9n\u00e9ralement pr\u00e9visibles. L&rsquo;obscurit\u00e9 et le froid de la nuit et de l&rsquo;hiver alternent avec la lumi\u00e8re et la chaleur du jour et de l&rsquo;\u00e9t\u00e9. Le froid et l&rsquo;obscurit\u00e9 favorisent la condensation, la contraction, le repos, le repli vers l&rsquo;int\u00e9rieur&#8230; Tandis que la lumi\u00e8re et la chaleur favorisent l&rsquo;expansion, l&rsquo;activit\u00e9 et les \u00e9changes.<\/p>\n<p>Les rapports entre le Yin et le Yang sont inconstants et toujours en opposition, mais l&rsquo;alternance cyclique donne une impression d&rsquo;\u00e9quilibre du Yin et du Yang.<\/p>\n<p>Quand certaines conditions ext\u00e9rieures (chaud, froid, humide) ou habitudes de vie (stress, addiction, alimentation), d\u00e9passent nos capacit\u00e9s d&rsquo;adaptation et cr\u00e9ent des exc\u00e8s de Yin ou de Yang dans notre organisme, on voit appara\u00eetre des sympt\u00f4mes de d\u00e9s\u00e9quilibre.<\/p>\n<p>Le praticien en m\u00e9decine traditionnelle chinoise cherche \u00e0 r\u00e9tablir un \u00e9quilibre entre des forces oppos\u00e9es, dynamiques et mouvantes. Ses interventions th\u00e9rapeutiques visent entre autres \u00e0 relancer le mouvement dans les relations entre le Yin et le Yang, dans le but d\u2019\u00e9viter que l&rsquo;un ou l&rsquo;autre domine ind\u00fbment ou subisse un blocage dans ses rapports avec son compl\u00e9ment. Les interventions peuvent aussi aider l&rsquo;organisme \u00e0 s&rsquo;adapter lorsque les modifications Yin Yang dans l&rsquo;environnement sont extr\u00eames.<\/p>\n","protected":false},"excerpt":{"rendered":"<p>Le Yin et le Yang peuvent \u00eatre consid\u00e9r\u00e9s comme deux forces dans un m\u00eame temps oppos\u00e9es et compl\u00e9mentaires. Alors que l&rsquo;une sera active et \u00e9mettrice (Yang), l&rsquo;autre sera passive et r\u00e9ceptrice (Yin). Toute existence en ce monde serait due au mouvement du Yin au Yang et vice versa. Cette Th\u00e9orie du Yin Yang a jet\u00e9&#8230;  <a class=\"excerpt-read-more\" href=\"https:\/\/sinomed.ch\/fr\/medecine-traditionnelle-chinoise\/fondements\/yin-et-yang\/\" title=\"Lire Yin et Yang\">En savoir plus\u2026<\/a><\/p>\n","protected":false},"author":1,"featured_media":0,"parent":10,"menu_order":0,"comment_status":"open","ping_status":"open","template":"","meta":{"footnotes":""},"_links":{"self":[{"href":"https:\/\/sinomed.ch\/fr\/wp-json\/wp\/v2\/pages\/13"}],"collection":[{"href":"https:\/\/sinomed.ch\/fr\/wp-json\/wp\/v2\/pages"}],"about":[{"href":"https:\/\/sinomed.ch\/fr\/wp-json\/wp\/v2\/types\/page"}],"author":[{"embeddable":true,"href":"https:\/\/sinomed.ch\/fr\/wp-json\/wp\/v2\/users\/1"}],"replies":[{"embeddable":true,"href":"https:\/\/sinomed.ch\/fr\/wp-json\/wp\/v2\/comments?post=13"}],"version-history":[{"count":1,"href":"https:\/\/sinomed.ch\/fr\/wp-json\/wp\/v2\/pages\/13\/revisions"}],"predecessor-version":[{"id":1757,"href":"https:\/\/sinomed.ch\/fr\/wp-json\/wp\/v2\/pages\/13\/revisions\/1757"}],"up":[{"embeddable":true,"href":"https:\/\/sinomed.ch\/fr\/wp-json\/wp\/v2\/pages\/10"}],"wp:attachment":[{"href":"https:\/\/sinomed.ch\/fr\/wp-json\/wp\/v2\/media?parent=13"}],"curies":[{"name":"wp","href":"https:\/\/api.w.org\/{rel}","templated":true}]}}