{"id":150,"date":"2014-04-11T10:36:12","date_gmt":"2014-04-11T10:36:12","guid":{"rendered":"http:\/\/sinomed.ch\/de\/?page_id=150"},"modified":"2023-12-26T15:26:07","modified_gmt":"2023-12-26T15:26:07","slug":"homepage","status":"publish","type":"page","link":"https:\/\/sinomed.ch\/fr\/","title":{"rendered":"Homepage"},"content":{"rendered":"<h2><strong style=\"color: #e36c0a;\">Sinomed\u00a0 Montreux centre de M\u00e9decine traditionnelle chinoise<\/strong><\/h2>\r\n<p>Le centre Sinomed Montreux met \u00e0 votre port\u00e9e une m\u00e9decine mill\u00e9naire, la M\u00e9decine traditionnelle chinoise.<\/p>\r\n<p>Notre th\u00e9rapeute chinois vous propose diff\u00e9rents traitements sur la base d\u2019un diagnostic qui consid\u00e8re chaque individu de fa\u00e7on sp\u00e9cifique. Ils ont \u00e0 leur disposition de nombreuses solutions : l\u2019acupuncture, l&rsquo;auriculoth\u00e9rapie, la moxibustion, le massage An Mo et Tui Na, les ventouses ou encore les pr\u00e9parations m\u00e9dicinales issues de la pharmacop\u00e9e chinoise.<\/p>\r\n<p style=\"text-align: center;\"><strong><span style=\"color: #ff6600;\">\u00ab\u00a0La M\u00e9decine traditionnelle chinoise pr\u00e9serve votre capital sant\u00e9\u00a0\u00bb<\/span><\/strong><\/p>\r\n<p>Le concept fondamental de la M\u00e9decine traditionnelle chinoises est bas\u00e9 sur le \u00ab\u00a0Qi\u00a0\u00bb , un flux d&rsquo;\u00e9nergie circulant librement dans les m\u00e9ridiens. Un bon \u00e9tat de sant\u00e9 se caract\u00e9rise par une circulation fluide du \u00ab\u00a0Qi\u00a0\u00bb,\u00a0 r\u00e9sultant d&rsquo;un \u00e9quilibre\u00a0 entre deux forces, oppos\u00e9es et compl\u00e9mentaires: le Yin et le Yang.<\/p>\r\n<p style=\"text-align: center;\"><span style=\"color: #000000;\"><strong>Un bilan de sant\u00e9 gratuit effectu\u00e9 par un th\u00e9rapeute chinois vous sera propos\u00e9 sans engagement sur rendez-vous dans notre centre Sinomed \u00e0 Montreux.<\/strong><\/span><\/p>\r\n<p>Les prestations de notre m\u00e9decin chinois sont rembours\u00e9es partiellement par l\u2019assurance compl\u00e9mentaire pour les m\u00e9decines alternatives.<\/p>\r\n\r\n<figure class=\"wp-block-image size-large\"><img loading=\"lazy\" decoding=\"async\" class=\" wp-image-2020 aligncenter\" src=\"https:\/\/sinomed.ch\/fr\/wp-content\/uploads\/2014\/04\/sm_banner_fr_2-300x57.jpg\" alt=\"\" width=\"695\" height=\"132\" srcset=\"https:\/\/sinomed.ch\/fr\/wp-content\/uploads\/2014\/04\/sm_banner_fr_2-300x57.jpg 300w, https:\/\/sinomed.ch\/fr\/wp-content\/uploads\/2014\/04\/sm_banner_fr_2-350x67.jpg 350w, https:\/\/sinomed.ch\/fr\/wp-content\/uploads\/2014\/04\/sm_banner_fr_2.jpg 714w\" sizes=\"(max-width: 695px) 100vw, 695px\" \/><\/figure>\r\n<p>&nbsp;<\/p>\r\n<p>&#8212;&#8212;&#8212;&#8212;&#8212;&#8212;&#8212;&#8212;&#8212;&#8212;&#8212;&#8212;&#8212;&#8212;&#8212;&#8212;&#8212;&#8212;&#8212;&#8212;&#8212;&#8212;&#8212;&#8212;&#8212;&#8212;&#8212;&#8212;&#8212;&#8212;&#8212;&#8212;&#8212;&#8212;&#8212;&#8212;&#8212;&#8212;&#8212;&#8212;&#8212;&#8212;&#8212;&#8212;&#8212;&#8212;&#8212;&#8212;&#8212;&#8212;&#8212;&#8212;&#8212;&#8212;&#8212;&#8212;&#8212;&#8212;&#8212;&#8212;&#8211;<\/p>\r\n\r\n\r\n","protected":false},"excerpt":{"rendered":"<p>Sinomed\u00a0 Montreux centre de M\u00e9decine traditionnelle chinoise Le centre Sinomed Montreux met \u00e0 votre port\u00e9e une m\u00e9decine mill\u00e9naire, la M\u00e9decine traditionnelle chinoise. Notre th\u00e9rapeute chinois vous propose diff\u00e9rents traitements sur la base d\u2019un diagnostic qui consid\u00e8re chaque individu de fa\u00e7on sp\u00e9cifique. Ils ont \u00e0 leur disposition de nombreuses solutions : l\u2019acupuncture, l&rsquo;auriculoth\u00e9rapie, la moxibustion, le&#8230;  <a class=\"excerpt-read-more\" href=\"https:\/\/sinomed.ch\/fr\/\" title=\"Lire Homepage\">En savoir plus\u2026<\/a><\/p>\n","protected":false},"author":1,"featured_media":0,"parent":0,"menu_order":-99,"comment_status":"open","ping_status":"open","template":"page-home.php","meta":{"footnotes":""},"_links":{"self":[{"href":"https:\/\/sinomed.ch\/fr\/wp-json\/wp\/v2\/pages\/150"}],"collection":[{"href":"https:\/\/sinomed.ch\/fr\/wp-json\/wp\/v2\/pages"}],"about":[{"href":"https:\/\/sinomed.ch\/fr\/wp-json\/wp\/v2\/types\/page"}],"author":[{"embeddable":true,"href":"https:\/\/sinomed.ch\/fr\/wp-json\/wp\/v2\/users\/1"}],"replies":[{"embeddable":true,"href":"https:\/\/sinomed.ch\/fr\/wp-json\/wp\/v2\/comments?post=150"}],"version-history":[{"count":85,"href":"https:\/\/sinomed.ch\/fr\/wp-json\/wp\/v2\/pages\/150\/revisions"}],"predecessor-version":[{"id":2365,"href":"https:\/\/sinomed.ch\/fr\/wp-json\/wp\/v2\/pages\/150\/revisions\/2365"}],"wp:attachment":[{"href":"https:\/\/sinomed.ch\/fr\/wp-json\/wp\/v2\/media?parent=150"}],"curies":[{"name":"wp","href":"https:\/\/api.w.org\/{rel}","templated":true}]}}