{"id":17,"date":"2014-04-10T11:29:44","date_gmt":"2014-04-10T11:29:44","guid":{"rendered":"http:\/\/localhost\/sinomed\/de\/?page_id=17"},"modified":"2014-12-04T08:43:49","modified_gmt":"2014-12-04T08:43:49","slug":"methodes-de-diagnostic","status":"publish","type":"page","link":"https:\/\/sinomed.ch\/fr\/medecine-traditionnelle-chinoise\/diagnostics\/methodes-de-diagnostic\/","title":{"rendered":"M\u00e9thodes de diagnostic"},"content":{"rendered":"<p><img loading=\"lazy\" decoding=\"async\" class=\"alignleft size-full wp-image-335\" style=\"margin-bottom: 24px;\" src=\"https:\/\/sinomed.ch\/fr\/wp-content\/uploads\/2014\/04\/Puls_Hand.jpg\" alt=\"Puls_Hand\" width=\"300\" height=\"200\" \/>Afin de poser le diagnostic, le th\u00e9rapeute chinois regarde, observe, \u00e9coute, sent, t\u00e2te et questionne. Il pr\u00eate attention aux mouvements du patient, \u00e0 la couleur de sa peau, \u00e0 sa constitution et \u00e0 son \u00e9tat d\u2019esprit. Les yeux, le nez, les l\u00e8vres, les dents, les extr\u00e9mit\u00e9s des membres et les ongles sont examin\u00e9s pr\u00e9cis\u00e9ment. Le th\u00e9rapeute chinois r\u00e9colte des informations compl\u00e9mentaires sur l\u2019\u00e9tat de sant\u00e9 du patient en \u00e9coutant la voix, la respiration et en sentant les odeurs corporelles. Il se dessine ainsi pour lui un tableau clinique global qu\u2019il compl\u00e8te avec deux m\u00e9thodes de diagnostic classiques : l\u2019inspection de la langue et la palpation du pouls.<\/p>\n<p>&nbsp;<\/p>\n<h3>L\u2019examen de la langue et du pouls<\/h3>\n<p><strong>L\u2019inspection de la langue<\/strong> donne des informations sur les maux du patient. Le th\u00e9rapeute chinois note la forme, la couleur, la texture de la langue ainsi que la nature et la couleur de la surface. Des zones pr\u00e9cises de la langue correspondent aux organes. Une forme ou une couleur inhabituelle d\u2019un secteur de la langue indique le dysfonctionnement d\u2019un organe interne pr\u00e9cis.<\/p>\n<p><strong>La palpation du pouls<\/strong> permet au th\u00e9rapeute chinois de se faire une id\u00e9e sur le flux d\u2019\u00e9nergie dans chaque m\u00e9ridien. Avec trois doigts \u2013 l\u2019index, le majeur et l\u2019annulaire \u2013 il palpe les art\u00e8res du poignet du patient. Il peut d\u00e9crire le pouls de 28 fa\u00e7ons diff\u00e9rentes.<\/p>\n<p>L\u2019inspection de la langue et la palpation du pouls permettent de d\u00e9finir, avec exactitude, le cercle de fonctionnement souffrant d\u2019un d\u00e9s\u00e9quilibre entre les \u00e9nergies Yin\/Yang. Si plusieurs organes sont concern\u00e9s, le th\u00e9rapeute chinois peut d\u00e9terminer l\u2019\u00e9l\u00e9ment ou l\u2019organe qui a r\u00e9agi en premier au facteur de la maladie et qui sera d\u00e8s lors trait\u00e9 en priorit\u00e9. D\u00e8s que l\u2019\u00e9quilibre \u00e9nerg\u00e9tique est r\u00e9tabli dans l\u2019organe trait\u00e9, les troubles des autres syst\u00e8mes organiques sont aussi soulag\u00e9s.<\/p>\n","protected":false},"excerpt":{"rendered":"<p>Afin de poser le diagnostic, le th\u00e9rapeute chinois regarde, observe, \u00e9coute, sent, t\u00e2te et questionne. Il pr\u00eate attention aux mouvements du patient, \u00e0 la couleur de sa peau, \u00e0 sa constitution et \u00e0 son \u00e9tat d\u2019esprit. Les yeux, le nez, les l\u00e8vres, les dents, les extr\u00e9mit\u00e9s des membres et les ongles sont examin\u00e9s pr\u00e9cis\u00e9ment. Le&#8230;  <a class=\"excerpt-read-more\" href=\"https:\/\/sinomed.ch\/fr\/medecine-traditionnelle-chinoise\/diagnostics\/methodes-de-diagnostic\/\" title=\"Lire M\u00e9thodes de diagnostic\">En savoir plus\u2026<\/a><\/p>\n","protected":false},"author":1,"featured_media":0,"parent":16,"menu_order":0,"comment_status":"open","ping_status":"open","template":"","meta":{"footnotes":""},"_links":{"self":[{"href":"https:\/\/sinomed.ch\/fr\/wp-json\/wp\/v2\/pages\/17"}],"collection":[{"href":"https:\/\/sinomed.ch\/fr\/wp-json\/wp\/v2\/pages"}],"about":[{"href":"https:\/\/sinomed.ch\/fr\/wp-json\/wp\/v2\/types\/page"}],"author":[{"embeddable":true,"href":"https:\/\/sinomed.ch\/fr\/wp-json\/wp\/v2\/users\/1"}],"replies":[{"embeddable":true,"href":"https:\/\/sinomed.ch\/fr\/wp-json\/wp\/v2\/comments?post=17"}],"version-history":[{"count":0,"href":"https:\/\/sinomed.ch\/fr\/wp-json\/wp\/v2\/pages\/17\/revisions"}],"up":[{"embeddable":true,"href":"https:\/\/sinomed.ch\/fr\/wp-json\/wp\/v2\/pages\/16"}],"wp:attachment":[{"href":"https:\/\/sinomed.ch\/fr\/wp-json\/wp\/v2\/media?parent=17"}],"curies":[{"name":"wp","href":"https:\/\/api.w.org\/{rel}","templated":true}]}}