{"id":311,"date":"2014-07-08T12:23:42","date_gmt":"2014-07-08T12:23:42","guid":{"rendered":"http:\/\/localhost\/sinomed\/de\/?page_id=311"},"modified":"2014-12-11T08:56:27","modified_gmt":"2014-12-11T08:56:27","slug":"einfuehrung-in-die-traditionelle-chinesische-medizin-tcm","status":"publish","type":"page","link":"https:\/\/sinomed.ch\/fr\/medecine-traditionnelle-chinoise\/fondements\/einfuehrung-in-die-traditionelle-chinesische-medizin-tcm\/","title":{"rendered":"Introduction de la MTC"},"content":{"rendered":"<p><img loading=\"lazy\" decoding=\"async\" class=\"alignleft wp-image-316 size-full\" src=\"https:\/\/sinomed.ch\/fr\/wp-content\/uploads\/2014\/07\/Kopf_akkupunktur.jpg\" alt=\"Introduction de la MTC\" width=\"199\" height=\"300\" \/>La M\u00e9decine chinoise, depuis plus de 2000 ans, puise sa force et ses racines dans l\u2019observation de la constante interaction de l\u2019homme et de la nature. Elle fascine par la douceur et le naturel de ses diagnostics et m\u00e9thodes de traitements dont l\u2019efficacit\u00e9 est reconnue depuis des si\u00e8cles.<\/p>\n<p>Les m\u00e9thodes th\u00e9rapeutiques pratiqu\u00e9es aux centres de m\u00e9decine chinoise Sinomed reposent sur des traditions ancestrales. Elles sont bas\u00e9es sur les fondements philosophiques du tao\u00efsme, selon lesquels l\u2019univers entier est soumis \u00e0 un processus de constante transformation.<\/p>\n<p>La m\u00e9decine chinoise est fondamentalement diff\u00e9rente de la m\u00e9decine occidentale qui traite les douleurs particuli\u00e8res et se concentre sur l\u2019environnement imm\u00e9diat des sympt\u00f4mes. La m\u00e9decine occidentale se demande surtout : \u00ab quel x est \u00e0 l\u2019origine d\u2019y ? \u00bb<\/p>\n<p>La m\u00e9decine chinoise, par contre, consid\u00e8re les choses d\u2019un point de vue beaucoup plus \u00e9tendu. Les th\u00e9rapeutes MTC se posent en effet la question suivante : \u00ab Quels sont les rapports entre x et y ? \u00bb.<\/p>\n","protected":false},"excerpt":{"rendered":"<p>La M\u00e9decine chinoise, depuis plus de 2000 ans, puise sa force et ses racines dans l\u2019observation de la constante interaction de l\u2019homme et de la nature. Elle fascine par la douceur et le naturel de ses diagnostics et m\u00e9thodes de traitements dont l\u2019efficacit\u00e9 est reconnue depuis des si\u00e8cles. Les m\u00e9thodes th\u00e9rapeutiques pratiqu\u00e9es aux centres de&#8230;  <a class=\"excerpt-read-more\" href=\"https:\/\/sinomed.ch\/fr\/medecine-traditionnelle-chinoise\/fondements\/einfuehrung-in-die-traditionelle-chinesische-medizin-tcm\/\" title=\"Lire Introduction de la MTC\">En savoir plus\u2026<\/a><\/p>\n","protected":false},"author":1,"featured_media":0,"parent":10,"menu_order":0,"comment_status":"open","ping_status":"open","template":"","meta":{"footnotes":""},"_links":{"self":[{"href":"https:\/\/sinomed.ch\/fr\/wp-json\/wp\/v2\/pages\/311"}],"collection":[{"href":"https:\/\/sinomed.ch\/fr\/wp-json\/wp\/v2\/pages"}],"about":[{"href":"https:\/\/sinomed.ch\/fr\/wp-json\/wp\/v2\/types\/page"}],"author":[{"embeddable":true,"href":"https:\/\/sinomed.ch\/fr\/wp-json\/wp\/v2\/users\/1"}],"replies":[{"embeddable":true,"href":"https:\/\/sinomed.ch\/fr\/wp-json\/wp\/v2\/comments?post=311"}],"version-history":[{"count":2,"href":"https:\/\/sinomed.ch\/fr\/wp-json\/wp\/v2\/pages\/311\/revisions"}],"predecessor-version":[{"id":1756,"href":"https:\/\/sinomed.ch\/fr\/wp-json\/wp\/v2\/pages\/311\/revisions\/1756"}],"up":[{"embeddable":true,"href":"https:\/\/sinomed.ch\/fr\/wp-json\/wp\/v2\/pages\/10"}],"wp:attachment":[{"href":"https:\/\/sinomed.ch\/fr\/wp-json\/wp\/v2\/media?parent=311"}],"curies":[{"name":"wp","href":"https:\/\/api.w.org\/{rel}","templated":true}]}}