{"id":343,"date":"2014-07-08T13:40:07","date_gmt":"2014-07-08T13:40:07","guid":{"rendered":"http:\/\/localhost\/sinomed\/de\/?page_id=343"},"modified":"2019-06-13T15:49:35","modified_gmt":"2019-06-13T15:49:35","slug":"pourquoi-consulter-un-therapeute-chinois","status":"publish","type":"page","link":"https:\/\/sinomed.ch\/fr\/medecine-traditionnelle-chinoise\/domaine-dapplication-de-la-mtc\/pourquoi-consulter-un-therapeute-chinois\/","title":{"rendered":"Pourquoi consulter un th\u00e9rapeute chinois ?"},"content":{"rendered":"<p><img loading=\"lazy\" decoding=\"async\" class=\"alignleft size-full wp-image-1420\" src=\"https:\/\/sinomed.ch\/fr\/wp-content\/uploads\/2014\/07\/Pourquoi-consulter-un-med.-chinois.jpg\" alt=\"Pourquoi consulter un med. chinois\" width=\"300\" height=\"200\" \/><strong>M\u00e9decine ancestrale et m\u00e9decine moderne<\/strong><\/p>\n<p>Pour r\u00e9pondre \u00e0 cette question il est int\u00e9ressant de conna\u00eetre les diff\u00e9rences qu\u2019il y a entre la m\u00e9decine traditionnelle chinoise et la m\u00e9decine occidentale.<\/p>\n<p>La m\u00e9decine traditionnelle chinoise est fond\u00e9e sur une th\u00e9orie du fonctionnement de l&rsquo;\u00eatre humain en bonne sant\u00e9, d&rsquo;un point de vue physiologique, psychologique, anatomique, etc. Elle tente \u00e9galement d&rsquo;expliquer les causes des maladies et les m\u00e9canismes biologiques et psychiques qui en sont les cons\u00e9quences. La m\u00e9decine chinoise cherche \u00e0 comprendre l&rsquo;\u00eatre humain dans son ensemble, aussi bien sain que malade, tant du point de vue des sympt\u00f4mes visibles qu&rsquo;invisibles, par une gestion de l&rsquo;\u00e9quilibre de l&rsquo;\u00e9nergie interne appel\u00e9e Qi.<\/p>\n<blockquote><p>Il existe une r\u00e9elle synergie entre ces deux m\u00e9decines\u2026<\/p><\/blockquote>\n<p>La m\u00e9decine occidentale, elle, s\u2019attache \u00e0 r\u00e9tablir le dysfonctionnement d\u2019un m\u00e9canisme pr\u00e9cis, avec des mol\u00e9cules d\u2019origine chimique issues de la recherche des principes actifs, ou encore par la chirurgie. Elle excelle dans le traitement de l\u2019urgence. C\u2019est elle qui vous sauvera d\u2019une crise cardiaque, alors que la m\u00e9decine traditionnelle chinoise vous aurait permis d\u2019\u00e9viter cette crise cardiaque. Si vous \u00eates diab\u00e9tique insulinod\u00e9pendant, la m\u00e9decine moderne vous sauvera du coma diab\u00e9tique et de la mort gr\u00e2ce \u00e0 l\u2019insuline. La m\u00e9decine chinoise ne peut pas faire cela, mais peut aider \u00e0 prendre moins d\u2019insuline et donc de combattre \u00e0 long terme les multiples effets secondaires de cette substance et donc de prolonger votre vie et vous donner un meilleur confort de vie.<\/p>\n<p>Ces diff\u00e9rences de compr\u00e9hension et de mode de pens\u00e9e font que ces deux m\u00e9decines n\u2019ont pas lieu d\u2019\u00eatre concurrentes mais au contraire doivent se situer dans la compl\u00e9mentarit\u00e9.<\/p>\n<p>Dans la m\u00e9decine traditionnelle chinoise, le diagnostic est fondamental et le th\u00e9rapeute analyse le comportement ainsi que le corps de l\u2019individu. Il examine la taille des membres, la structure du visage, observe la couleur des ongles\u2026 et avec ces \u00e9l\u00e9ments il adapte sa th\u00e9rapie. Il dispose d\u2019une large palette de solutions naturelles comme la phytoth\u00e9rapie, les exercices (respiratoire, physique ou le repos) ou les s\u00e9ances d\u2019acupuncture afin d\u2019ajuster l\u2019\u00e9nergie vitale d\u2019une personne. Il ne se borne pas \u00e0 seulement soigner une maladie.<\/p>\n<p>En outre, les effets secondaires des traitements de m\u00e9decine traditionnelle chinoise sont moindres pour l\u2019organisme humain car les th\u00e9rapies sont plus naturelles.<\/p>\n<p class=\"text-highlight\">En Chine ancienne les qualit\u00e9s d\u2019un m\u00e9decin \u00e9taient mesur\u00e9es au nombre de ses patients sains. Les honoraires de ses activit\u00e9s \u00e9taient \u00e9tablis en fonction de l\u2019\u00e9tat de sant\u00e9 de la population et la t\u00e2che du praticien \u00e9tait d\u2019\u00e9viter que les gens tombent malade.<\/p>\n<p><strong>Les Chinois appliquaient donc d\u00e9j\u00e0 les vertus d\u2019une m\u00e9decine pr\u00e9ventive\u2026.<\/strong><\/p>\n","protected":false},"excerpt":{"rendered":"<p>Pour r\u00e9pondre \u00e0 cette question il est int\u00e9ressant de conna\u00eetre les diff\u00e9rences qu\u2019il y a entre la m\u00e9decine traditionnelle chinoise et la m\u00e9decine occidentale.<\/p>\n","protected":false},"author":1,"featured_media":1636,"parent":339,"menu_order":0,"comment_status":"open","ping_status":"open","template":"","meta":{"footnotes":""},"_links":{"self":[{"href":"https:\/\/sinomed.ch\/fr\/wp-json\/wp\/v2\/pages\/343"}],"collection":[{"href":"https:\/\/sinomed.ch\/fr\/wp-json\/wp\/v2\/pages"}],"about":[{"href":"https:\/\/sinomed.ch\/fr\/wp-json\/wp\/v2\/types\/page"}],"author":[{"embeddable":true,"href":"https:\/\/sinomed.ch\/fr\/wp-json\/wp\/v2\/users\/1"}],"replies":[{"embeddable":true,"href":"https:\/\/sinomed.ch\/fr\/wp-json\/wp\/v2\/comments?post=343"}],"version-history":[{"count":3,"href":"https:\/\/sinomed.ch\/fr\/wp-json\/wp\/v2\/pages\/343\/revisions"}],"predecessor-version":[{"id":2236,"href":"https:\/\/sinomed.ch\/fr\/wp-json\/wp\/v2\/pages\/343\/revisions\/2236"}],"up":[{"embeddable":true,"href":"https:\/\/sinomed.ch\/fr\/wp-json\/wp\/v2\/pages\/339"}],"wp:featuredmedia":[{"embeddable":true,"href":"https:\/\/sinomed.ch\/fr\/wp-json\/wp\/v2\/media\/1636"}],"wp:attachment":[{"href":"https:\/\/sinomed.ch\/fr\/wp-json\/wp\/v2\/media?parent=343"}],"curies":[{"name":"wp","href":"https:\/\/api.w.org\/{rel}","templated":true}]}}