{"id":347,"date":"2014-07-08T14:32:29","date_gmt":"2014-07-08T14:32:29","guid":{"rendered":"http:\/\/localhost\/sinomed\/de\/?page_id=347"},"modified":"2014-12-04T08:51:11","modified_gmt":"2014-12-04T08:51:11","slug":"liste-des-affections","status":"publish","type":"page","link":"https:\/\/sinomed.ch\/fr\/medecine-traditionnelle-chinoise\/domaine-dapplication-de-la-mtc\/liste-des-affections\/","title":{"rendered":"Liste des affections"},"content":{"rendered":"<img loading=\"lazy\" decoding=\"async\" class=\"size-full wp-image-1220 alignleft\" src=\"https:\/\/sinomed.ch\/fr\/wp-content\/uploads\/2014\/07\/Kopf_akkupunktur1.jpg\" alt=\"acupuncture\" width=\"400\" height=\"602\" srcset=\"https:\/\/sinomed.ch\/fr\/wp-content\/uploads\/2014\/07\/Kopf_akkupunktur1.jpg 400w, https:\/\/sinomed.ch\/fr\/wp-content\/uploads\/2014\/07\/Kopf_akkupunktur1-199x300.jpg 199w, https:\/\/sinomed.ch\/fr\/wp-content\/uploads\/2014\/07\/Kopf_akkupunktur1-350x526.jpg 350w\" sizes=\"(max-width: 400px) 100vw, 400px\" \/>\n<div style=\"overflow:hidden;\"><strong>Selon l\u2019organisation mondiale de la sant\u00e9 (OMS ), la M\u00e9decine Traditionnelle Chinoise a un effet b\u00e9n\u00e9fique sur les affections suivantes :<\/strong><\/p>\n<ul>\n<li>Allergies (par ex. rhume des foins, asthme)<\/li>\n<li>Rhino-sinusite<\/li>\n<li>Pharyngite<\/li>\n<li>C\u00e9phal\u00e9es, migraines<\/li>\n<li>Douleurs rhumatismales (par ex. dorsalgie, cervicalgie)<\/li>\n<li>Arthrose, \u00e9picondylite<\/li>\n<li>Fibromyalgie<\/li>\n<li>Douleurs post-op\u00e9ratoires<\/li>\n<li>Renforcement du syst\u00e8me immunitaire<\/li>\n<li>Troubles digestifs (par ex. c\u00f4lon irritable)<\/li>\n<li>Tabagisme<\/li>\n<li>Troubles du sommeil<\/li>\n<li>Probl\u00e8mes cardio-vasculaires<\/li>\n<li>S\u00e9quelles apr\u00e8s un AVC<\/li>\n<li>Troubles m\u00e9nopausiques<\/li>\n<li>Infertilit\u00e9<\/li>\n<li>Dermatologie (par ex. ecz\u00e9ma )<\/li>\n<li>Maladies dues au stress<\/li>\n<li>Etat d\u2019\u00e9puisement, Burn out<\/li>\n<li>Etat anxio-d\u00e9pressif<\/li>\n<li>Dysfonction neurov\u00e9g\u00e9tative<\/li>\n<li>Paralysie faciale<\/li>\n<li>Acouph\u00e8nes<\/li>\n<\/ul>\n<\/div>\n","protected":false},"excerpt":{"rendered":"<p>Selon l\u2019organisation mondiale de la sant\u00e9 (OMS ), la M\u00e9decine Traditionnelle Chinoise a un effet b\u00e9n\u00e9fique sur les affections suivantes : Allergies (par ex. rhume des foins, asthme) Rhino-sinusite Pharyngite C\u00e9phal\u00e9es, migraines Douleurs rhumatismales (par ex. dorsalgie, cervicalgie) Arthrose, \u00e9picondylite Fibromyalgie Douleurs post-op\u00e9ratoires Renforcement du syst\u00e8me immunitaire Troubles digestifs (par ex. c\u00f4lon irritable) Tabagisme Troubles&#8230;  <a class=\"excerpt-read-more\" href=\"https:\/\/sinomed.ch\/fr\/medecine-traditionnelle-chinoise\/domaine-dapplication-de-la-mtc\/liste-des-affections\/\" title=\"Lire Liste des affections\">En savoir plus\u2026<\/a><\/p>\n","protected":false},"author":1,"featured_media":0,"parent":339,"menu_order":0,"comment_status":"open","ping_status":"open","template":"","meta":{"footnotes":""},"_links":{"self":[{"href":"https:\/\/sinomed.ch\/fr\/wp-json\/wp\/v2\/pages\/347"}],"collection":[{"href":"https:\/\/sinomed.ch\/fr\/wp-json\/wp\/v2\/pages"}],"about":[{"href":"https:\/\/sinomed.ch\/fr\/wp-json\/wp\/v2\/types\/page"}],"author":[{"embeddable":true,"href":"https:\/\/sinomed.ch\/fr\/wp-json\/wp\/v2\/users\/1"}],"replies":[{"embeddable":true,"href":"https:\/\/sinomed.ch\/fr\/wp-json\/wp\/v2\/comments?post=347"}],"version-history":[{"count":0,"href":"https:\/\/sinomed.ch\/fr\/wp-json\/wp\/v2\/pages\/347\/revisions"}],"up":[{"embeddable":true,"href":"https:\/\/sinomed.ch\/fr\/wp-json\/wp\/v2\/pages\/339"}],"wp:attachment":[{"href":"https:\/\/sinomed.ch\/fr\/wp-json\/wp\/v2\/media?parent=347"}],"curies":[{"name":"wp","href":"https:\/\/api.w.org\/{rel}","templated":true}]}}