{"id":371,"date":"2014-07-16T06:55:23","date_gmt":"2014-07-16T06:55:23","guid":{"rendered":"http:\/\/localhost\/sinomed\/de\/?page_id=371"},"modified":"2014-12-04T08:51:49","modified_gmt":"2014-12-04T08:51:49","slug":"acupuncture-chez-les-enfants","status":"publish","type":"page","link":"https:\/\/sinomed.ch\/fr\/medecine-traditionnelle-chinoise\/domaine-dapplication-de-la-mtc\/acupuncture-chez-les-enfants\/","title":{"rendered":"Acupuncture chez les enfants"},"content":{"rendered":"<img loading=\"lazy\" decoding=\"async\" class=\"alignleft size-full wp-image-372\" src=\"https:\/\/sinomed.ch\/fr\/wp-content\/uploads\/2014\/07\/tcm_kinder.jpg\" alt=\"Acupuncture chez les enfants\" width=\"300\" height=\"282\" \/>\n<p><strong>Vous cherchez une alternative pour soigner votre enfant\u2026<\/strong><\/p>\n<p>La m\u00e9decine chinoise peut \u00eatre d\u2019un grand secours pour soulager nos bouts de chou lors de troubles aussi bien physiques que psychologiques et souvent ceux avec lesquels la m\u00e9decine occidentale n\u2019apporte que peu de solution.<\/p>\n<blockquote><p>Il n\u2019est jamais agr\u00e9able pour un parent de voir ses enfants malades\u2026<\/p><\/blockquote>\n<p>Un enfant peut \u00eatre trait\u00e9 par la m\u00e9decine chinoise d\u00e8s l\u2019\u00e2ge d\u2019une ann\u00e9e mais uniquement par acupressure (l\u00e9g\u00e8re pression des doigts sur les points d\u2019acupuncture), par massage Tui Na p\u00e9diatrique, ou encore par un traitement en phytoth\u00e9rapie chinoise, c&rsquo;est-\u00e0-dire l\u2019utilisation d\u2019herbes m\u00e9dicinales.<\/p>\n<p>Le Tui Na p\u00e9diatrique est bas\u00e9 sur les principes de la m\u00e9decine traditionnelle chinoise, au m\u00eame titre que l\u2019acupuncture, le Qi Qong, la di\u00e9t\u00e9tique et la phytoth\u00e9rapie. Il s\u2019appuie sur les principales techniques du Tui Na pour adultes mais certains massages sont sp\u00e9cifiquement r\u00e9serv\u00e9s aux jeunes en dessous de six ans.\u00a0Au-del\u00e0 de cet \u00e2ge le th\u00e9rapeute associera l\u2019acupuncture aux manipulations.<\/p>\n<blockquote><p>Le traitement est court, les enfants r\u00e9agissent vite et tr\u00e8s bien \u00e0 l&rsquo;acupuncture\u2026<\/p><\/blockquote>\n<p>En acupuncture, le principe est le suivant : le corps a besoin que l&rsquo;\u00e9nergie circule librement afin d&rsquo;alimenter tous les organes, assurer leur bon fonctionnement et leur protection. L&rsquo;aiguille d&rsquo;acupuncture ne donne pas l&rsquo;\u00e9nergie, mais elle permet \u00e0 cette derni\u00e8re de reprendre sa circulation normale.<\/p>\n<p>Chez certains enfants, de la peur peut se manifester \u00e0 la vue des aiguilles mais avec des explications et en utilisant la douceur, on les am\u00e8ne \u00e0 tr\u00e8s bien accepter le traitement. Les aiguilles sont tr\u00e8s fines et leur utilisation est quasiment indolore car la piq\u00fbre est comparable \u00e0 celle d&rsquo;un moustique. Apr\u00e8s une premi\u00e8re intervention, la peur dispara\u00eet, et tout va bien.<\/p>\n<blockquote><p><em>La MTC aide vos enfants dans leurs troubles physiques et psychologiques\u2026<\/em><\/p><\/blockquote>\n<p>Les enfants r\u00e9agissent beaucoup plus rapidement aux traitements que les adultes. Contrairement \u00e0 nous, ils ne tra\u00eenent pas derri\u00e8re eux plusieurs ann\u00e9es de mauvaises habitudes de vie, de stress et de mauvaise alimentation. Et la m\u00e9decine traditionnelle chinoise va pouvoir les aider dans leurs troubles physiques: probl\u00e8mes de peau, allergies, asthme, douleurs abdominales, bronchites, otites \u00e0 r\u00e9p\u00e9tition\u2026 aussi bien que psychologiques: angoisses, peurs, troubles du sommeil, probl\u00e8mes de concentration ou de m\u00e9moire, \u00e9nur\u00e9sie\u2026<\/p>\n<p>Lors de la premi\u00e8re rencontre, l\u2019acupuncteur se basera sur l\u2019observation de l\u2019enfant, c\u2019est-\u00e0-dire la couleur de sa peau, sa physionomie, son comportement\u2026 Ensuite, il prendra le temps de poser aux parents plusieurs questions pour faire son bilan de sant\u00e9. Comment la grossesse et l\u2019accouchement se sont-ils d\u00e9roul\u00e9s? Est-ce que l\u2019enfant a \u00e9t\u00e9 malade depuis sa naissance? Comment l\u2019enfant dort-il, mange-t-il, \u00e9limine-t-il? Quels sont les ant\u00e9c\u00e9dents m\u00e9dicaux des parents, des fr\u00e8res et s\u0153urs?<\/p>\n<p>Il d\u00e9terminera ensuite les traitements qui seront pr\u00e9vus, selon la gravit\u00e9 de la maladie, de son \u00e9volution et son anciennet\u00e9, ou de la vitalit\u00e9 de l&rsquo;enfant. Habituellement, entre quatre et six rencontres sont n\u00e9cessaires, huit pour des cas plus complexes comme de l\u2019asthme ou des probl\u00e8mes de peau. Certains enfants, \u00e0 la suite de cette rencontre, verront leur condition s\u2019am\u00e9liorer de 50% tandis que pour d\u2019autres, ce sera seulement 10%.<\/p>\n<blockquote><p><em>Certains enfants, sans raison apparente, sont plus vuln\u00e9rables que d\u2019autres aux infections\u2026<\/em><\/p><\/blockquote>\n<p>G\u00e9n\u00e9ralement, les rechutes diminuent radicalement et s&rsquo;il y en a, elles sont de plus en plus espac\u00e9es, soit de trois mois, six mois, \u00e0 un an par exemple. Pour une otite ou une grippe prise au d\u00e9but, un seul traitement suffit parfois pour redonner au corps la capacit\u00e9 de se d\u00e9fendre correctement contre ces maladies. Et d\u2019une fa\u00e7on g\u00e9n\u00e9rale, il est pr\u00e9f\u00e9rable que l&rsquo;enfant re\u00e7oive les traitements \u00e0 titre pr\u00e9ventif, soit au tout d\u00e9but de l&rsquo;apparition des sympt\u00f4mes. Cela diminue le nombre de traitements \u00e0 recevoir et, \u00e9ventuellement, la quantit\u00e9 de m\u00e9dicaments \u00e0 prendre.<\/p>\n","protected":false},"excerpt":{"rendered":"<p>Vous cherchez une alternative pour soigner votre enfant\u2026 La m\u00e9decine chinoise peut \u00eatre d\u2019un grand secours pour soulager nos bouts de chou lors de troubles aussi bien physiques que psychologiques et souvent ceux avec lesquels la m\u00e9decine occidentale n\u2019apporte que peu de solution. Il n\u2019est jamais agr\u00e9able pour un parent de voir ses enfants malades\u2026&#8230;  <a class=\"excerpt-read-more\" href=\"https:\/\/sinomed.ch\/fr\/medecine-traditionnelle-chinoise\/domaine-dapplication-de-la-mtc\/acupuncture-chez-les-enfants\/\" title=\"Lire Acupuncture chez les enfants\">En savoir plus\u2026<\/a><\/p>\n","protected":false},"author":1,"featured_media":0,"parent":339,"menu_order":0,"comment_status":"open","ping_status":"open","template":"","meta":{"footnotes":""},"_links":{"self":[{"href":"https:\/\/sinomed.ch\/fr\/wp-json\/wp\/v2\/pages\/371"}],"collection":[{"href":"https:\/\/sinomed.ch\/fr\/wp-json\/wp\/v2\/pages"}],"about":[{"href":"https:\/\/sinomed.ch\/fr\/wp-json\/wp\/v2\/types\/page"}],"author":[{"embeddable":true,"href":"https:\/\/sinomed.ch\/fr\/wp-json\/wp\/v2\/users\/1"}],"replies":[{"embeddable":true,"href":"https:\/\/sinomed.ch\/fr\/wp-json\/wp\/v2\/comments?post=371"}],"version-history":[{"count":0,"href":"https:\/\/sinomed.ch\/fr\/wp-json\/wp\/v2\/pages\/371\/revisions"}],"up":[{"embeddable":true,"href":"https:\/\/sinomed.ch\/fr\/wp-json\/wp\/v2\/pages\/339"}],"wp:attachment":[{"href":"https:\/\/sinomed.ch\/fr\/wp-json\/wp\/v2\/media?parent=371"}],"curies":[{"name":"wp","href":"https:\/\/api.w.org\/{rel}","templated":true}]}}