{"id":392,"date":"2014-07-16T08:06:56","date_gmt":"2014-07-16T08:06:56","guid":{"rendered":"http:\/\/localhost\/sinomed\/de\/?page_id=392"},"modified":"2014-12-11T09:00:37","modified_gmt":"2014-12-11T09:00:37","slug":"trouble-de-la-digestion","status":"publish","type":"page","link":"https:\/\/sinomed.ch\/fr\/medecine-traditionnelle-chinoise\/domaine-dapplication-de-la-mtc\/trouble-de-la-digestion\/","title":{"rendered":"Trouble de la digestion"},"content":{"rendered":"<img loading=\"lazy\" decoding=\"async\" class=\"alignleft  wp-image-393\" src=\"https:\/\/sinomed.ch\/fr\/wp-content\/uploads\/2014\/07\/magenschmerzen.jpg\" alt=\"Trouble de la digestion\" width=\"200\" height=\"188\" \/>\n<p><strong>Digestion lente et br\u00fblure d\u2019estomac<\/strong><\/p>\n<p>La digestion est une activit\u00e9 pr\u00e9dominante de notre corps. Apr\u00e8s chaque repas, 30% environ de notre \u00e9nergie va lui \u00eatre consacr\u00e9e. Le but de la digestion est de casser la mati\u00e8re solide, afin d\u2019en extraire l\u2019\u00e9nergie, que l\u2019on appelle \u00ab\u00a0subtilit\u00e9s essentielles\u00a0\u00bb en m\u00e9decine traditionnelle chinoise. Cette \u00e9nergie pourra ensuite \u00eatre distribu\u00e9e \u00e0 tous les syst\u00e8mes de notre corps. Ces subtilit\u00e9s essentielles forment une partie de notre \u00e9nergie acquise, capitale pour notre survie puisqu\u2019elles compl\u00e8tent notre \u00e9nergie inn\u00e9e, donn\u00e9e \u00e0 la naissance, afin que cette derni\u00e8re ne s\u2019\u00e9puise pas trop vite.<\/p>\n<p>D\u2019o\u00f9 l\u2019importance d\u2019avoir une alimentation saine et \u00e9quilibr\u00e9e, mais aussi d\u2019avoir une digestion qui fonctionne parfaitement bien, si l\u2019on veut pouvoir tirer b\u00e9n\u00e9fice de ces aliments de qualit\u00e9.<\/p>\n<p>Tout ce qui est d\u00e9crit ici correspond \u00e0 la vision \u00e9nerg\u00e9tique des organes selon la m\u00e9decine chinoise et non pas \u00e0 la vision occidentale des organes en tant que tissus.<\/p>\n<p>Beaucoup de probl\u00e8mes digestifs peuvent \u00eatre trait\u00e9s par la m\u00e9decine chinoise, gr\u00e2ce au diagnostic, \u00e9tape essentielle et pr\u00e9alable au traitement, qui consiste \u00e0 recueillir les signes cliniques du patient et qui permettra de comprendre les racines internes du dysfonctionnement des organes. Dans le cas de troubles digestifs, le patient pr\u00e9sente g\u00e9n\u00e9ralement un blocage de l\u2019\u00e9nergie du foie et une faiblesse de l\u2019\u00e9nergie de la rate qui peuvent \u00eatre dus au stress, \u00e0 un choc \u00e9motionnel, une d\u00e9pression, etc\u2026 Mais encore \u00e0 une faiblesse de l\u2019\u00e9nergie des reins li\u00e9e avec une maladie chronique.<\/p>\n<blockquote><p>La m\u00e9decine traditionnelle chinoise soigne en tonifiant<\/p><\/blockquote>\n<p>En m\u00e9decine occidentale le traitement reste symptomatique donc m\u00e9dicamenteux, avec des effets secondaires parfois ind\u00e9sirables. L\u2019approche de la m\u00e9decine traditionnelle chinoise est tr\u00e8s diff\u00e9rente et son but est de remettre le corps dans un \u00e9tat harmonieux. Gr\u00e2ce \u00e0 l\u2019acupuncture, elle soigne en tonifiant ou en dispersant les organes en vide ou en pl\u00e9nitude, elle veille \u00e0 ce que tous les tissus soient correctement nourris et que les liquides circulent librement. Enfin et surtout, elle r\u00e9\u00e9quilibre le yin et le yang et r\u00e9gule le Qi (\u00e9nergie) \u00e0 travers tout le corps.<\/p>\n<p>Il faut pr\u00e9voir six \u00e0 huit s\u00e9ances d\u2019acupuncture combin\u00e9es avec un traitement de phytoth\u00e9rapie chinoise pour un traitement de fond.<\/p>\n<p>Ainsi, la m\u00e9decine traditionnelle chinoise soigne tout type de d\u00e9sordre digestif : diarrh\u00e9e, constipation, ballonnement, flatulence, douleur et distension abdominale, \u00e9ructation, inapp\u00e9tence, amaigrissement, naus\u00e9e, vomissement, hoquet, trouble h\u00e9patobiliaire, remont\u00e9e acide ou acidit\u00e9 gastrique, gastro-ent\u00e9rite, gastrite, c\u00f4lon irritable ou colopathie fonctionnelle, ulc\u00e8re, colite, h\u00e9morro\u00efdes\u2026<\/p>\n<blockquote><p>Les exc\u00e8s alimentaires nuisent \u00e0 la sant\u00e9<\/p><\/blockquote>\n<p>Tout exc\u00e8s alimentaire nuit \u00e0 la sant\u00e9. Il est fondamental de ne pas d\u00e9passer ses capacit\u00e9s digestives. La nourriture est souvent une compensation affective et c\u2019est la cause de bien des d\u00e9sordres comme prise de poids, lourdeur, ob\u00e9sit\u00e9, troubles digestifs, et\u2026 sentiment de culpabilit\u00e9. En fait, il faut toujours laisser une place vide dans l\u2019estomac lorsque nous mangeons.<\/p>\n<p>Des \u00e9tudes modernes faites aux USA ont confirm\u00e9 que la mod\u00e9ration alimentaire est gage de long\u00e9vit\u00e9. Sans oublier la pratique r\u00e9guli\u00e8re d\u2019une activit\u00e9 physique en rapport avec l\u2019\u00e2ge et les capacit\u00e9s de la personne.<\/p>\n<p class=\"text-highlight\">\u00ab On doit manger plut\u00f4t t\u00f4t que tard, lentement que rapidement, peu que beaucoup. La nourriture doit \u00eatre ti\u00e8de mais pas chaude, plut\u00f4t molle que dure, et sal\u00e9e mais pas trop sal\u00e9e \u00bb, (Yang Sheng Lu &#8211; Recueil des m\u00e9thodes pour nourrir la vie)<\/p>\n","protected":false},"excerpt":{"rendered":"<p>Digestion lente et br\u00fblure d\u2019estomac La digestion est une activit\u00e9 pr\u00e9dominante de notre corps. Apr\u00e8s chaque repas, 30% environ de notre \u00e9nergie va lui \u00eatre consacr\u00e9e. Le but de la digestion est de casser la mati\u00e8re solide, afin d\u2019en extraire l\u2019\u00e9nergie, que l\u2019on appelle \u00ab\u00a0subtilit\u00e9s essentielles\u00a0\u00bb en m\u00e9decine traditionnelle chinoise. Cette \u00e9nergie pourra ensuite \u00eatre&#8230;  <a class=\"excerpt-read-more\" href=\"https:\/\/sinomed.ch\/fr\/medecine-traditionnelle-chinoise\/domaine-dapplication-de-la-mtc\/trouble-de-la-digestion\/\" title=\"Lire Trouble de la digestion\">En savoir plus\u2026<\/a><\/p>\n","protected":false},"author":1,"featured_media":0,"parent":339,"menu_order":0,"comment_status":"open","ping_status":"open","template":"","meta":{"footnotes":""},"_links":{"self":[{"href":"https:\/\/sinomed.ch\/fr\/wp-json\/wp\/v2\/pages\/392"}],"collection":[{"href":"https:\/\/sinomed.ch\/fr\/wp-json\/wp\/v2\/pages"}],"about":[{"href":"https:\/\/sinomed.ch\/fr\/wp-json\/wp\/v2\/types\/page"}],"author":[{"embeddable":true,"href":"https:\/\/sinomed.ch\/fr\/wp-json\/wp\/v2\/users\/1"}],"replies":[{"embeddable":true,"href":"https:\/\/sinomed.ch\/fr\/wp-json\/wp\/v2\/comments?post=392"}],"version-history":[{"count":1,"href":"https:\/\/sinomed.ch\/fr\/wp-json\/wp\/v2\/pages\/392\/revisions"}],"predecessor-version":[{"id":1758,"href":"https:\/\/sinomed.ch\/fr\/wp-json\/wp\/v2\/pages\/392\/revisions\/1758"}],"up":[{"embeddable":true,"href":"https:\/\/sinomed.ch\/fr\/wp-json\/wp\/v2\/pages\/339"}],"wp:attachment":[{"href":"https:\/\/sinomed.ch\/fr\/wp-json\/wp\/v2\/media?parent=392"}],"curies":[{"name":"wp","href":"https:\/\/api.w.org\/{rel}","templated":true}]}}