{"id":400,"date":"2014-07-16T08:54:28","date_gmt":"2014-07-16T08:54:28","guid":{"rendered":"http:\/\/localhost\/sinomed\/de\/?page_id=400"},"modified":"2014-12-04T08:46:42","modified_gmt":"2014-12-04T08:46:42","slug":"douleurs-chroniques","status":"publish","type":"page","link":"https:\/\/sinomed.ch\/fr\/medecine-traditionnelle-chinoise\/domaine-dapplication-de-la-mtc\/douleurs-chroniques\/","title":{"rendered":"Douleurs chroniques"},"content":{"rendered":"<p><img loading=\"lazy\" decoding=\"async\" src=\"https:\/\/sinomed.ch\/fr\/wp-content\/uploads\/2014\/07\/Douleurs-sportives.jpg\" alt=\"Douleurs sportives\" width=\"300\" height=\"200\" class=\"alignleft size-full wp-image-1610\" \/><strong>L\u2019acupuncture vient en aide aux sportifs<\/strong><\/p>\n<p>L\u2019acupuncture, seule ou combin\u00e9e \u00e0 la phytoth\u00e9rapie chinoise et au tuina, peut soulager les sportifs, qu\u2019ils soient de haut niveau ou amateurs. Elle peut s\u2019av\u00e9rer d\u2019une grande utilit\u00e9 dans le traitement des blessures sportives, la pr\u00e9vention des blessures et l\u2019am\u00e9lioration des performances athl\u00e9tiques.<\/p>\n<p>Les blessures font partie du jeu pour les athl\u00e8tes et les sportifs. En demandant toujours plus \u00e0 leurs corps et en se pla\u00e7ant dans des situations propices aux accidents, ils subissent une grande vari\u00e9t\u00e9 de blessures. La majorit\u00e9 des l\u00e9sions sportives impliquent le syst\u00e8me musculo-squelettique. Lors de ce genre d\u2019affection, l\u2019acupuncture peut apporter un grand soulagement en diminuant la douleur et l\u2019inflammation, en augmentant la circulation locale pour favoriser la r\u00e9g\u00e9n\u00e9ration des tissus et en d\u00e9nouant les tensions musculaires. Dans les situations de blessures sportives, l\u2019acupuncture sera souvent combin\u00e9e avec le massage tuina. On peut \u00e9galement ajouter au traitement des formules issues de la pharmacop\u00e9e chinoise qui viseront \u00e0 acc\u00e9l\u00e9rer la gu\u00e9rison. Du muscle froiss\u00e9 \u00e0 la tendinite ou l\u2019entorse, toutes les blessures sportives b\u00e9n\u00e9ficient des bienfaits de l\u2019acupuncture.<\/p>\n<p>L\u2019acupuncteur peut en effet intervenir lors d\u2019une blessure aigu\u00eb inflig\u00e9e \u00e0 un athl\u00e8te au cours de la pratique de son sport.<\/p>\n<p>Lorsqu\u2019un athl\u00e8te se blesse et pr\u00e9sente une d\u00e9chirure ligamentaire au genou, une fracture, une entorse, un claquage ou une \u00e9longation musculaire, la pratique clinique montre que l\u2019enflure et la douleur sont rapidement r\u00e9duites par l\u2019action de l\u2019acupuncture.<\/p>\n<p>Cette th\u00e9rapie peut \u00e9galement aider un athl\u00e8te qui souffre d\u2019un probl\u00e8me aigu l\u2019emp\u00eachant de participer \u00e0 une comp\u00e9tition : un torticolis une conjonctivite, un lumbago, des naus\u00e9es, une dysm\u00e9norrh\u00e9e, un d\u00e9but de rhume, etc.<\/p>\n<p>Par ailleurs, en traitant un sportif atteint d\u2019une blessure chronique, l\u2019acupuncteur tient compte des autres sympt\u00f4mes du patient, m\u00eame si, en apparence, il n\u2019y a aucun lien entre ces sympt\u00f4mes et le probl\u00e8me musculo-squelettique pour lequel il consulte.<\/p>\n<p>Les \u00e9motions et le stress sont \u00e9galement \u00e0 l\u2019origine de plusieurs d\u00e9s\u00e9quilibres \u00e9nerg\u00e9tiques qui impliquent une stagnation d\u2019\u00e9nergie. Ces stagnations d\u2019\u00e9nergie peuvent ralentir la r\u00e9cup\u00e9ration d\u2019un athl\u00e8te apr\u00e8s une blessure si elles ne sont pas trait\u00e9es ou elles peuvent l\u2019emp\u00eacher de donner son plein potentiel en comp\u00e9tition.<\/p>\n<blockquote><p>Pr\u00e9venir les blessures et r\u00e9cup\u00e9rer rapidement<\/p><\/blockquote>\n<p>Toutes les composantes du corps doivent fonctionner en harmonie et selon un \u00e9quilibre optimum, particuli\u00e8rement chez le sportif. Des traitements d\u2019acupuncture r\u00e9guliers, en combinaison avec une di\u00e8te individualis\u00e9e et des compl\u00e9ments de plantes m\u00e9dicinales, permettront au corps de fonctionner de fa\u00e7on optimale et de corriger les d\u00e9s\u00e9quilibres et tensions avant qu\u2019ils ne s\u2019aggravent et n\u2019entra\u00eenent des blessures. L\u2019acupuncture permettra aussi de r\u00e9cup\u00e9rer plus rapidement apr\u00e8s les s\u00e9ances d\u2019entra\u00eenement, optimisant les effets positifs de celles-ci.<\/p>\n<p>Dans les cas de blessures chroniques, il est possible de mieux aider l\u2019athl\u00e8te \u00e0 r\u00e9cup\u00e9rer en tenant \u00e9galement compte des autres sympt\u00f4mes pr\u00e9sents.<\/p>\n<blockquote><p>Des performances augment\u00e9es gr\u00e2ce \u00e0 un corps en \u00e9quilibre<\/p><\/blockquote>\n<p>La meilleure fa\u00e7on d\u2019augmenter la performance passe par des entra\u00eenements efficaces, mais pour cela il faut garder le corps en \u00e9quilibre. Ici, les herbes chinoises joueront un r\u00f4le important. Des formules standardis\u00e9es ou pr\u00e9par\u00e9es sur mesure par un herboriste d\u00fbment form\u00e9 en m\u00e9decine chinoise permettront de r\u00e9\u00e9quilibrer le m\u00e9tabolisme et maximiser les performances athl\u00e9tiques. L\u2019acupuncture et le massage tuina contribueront en outre \u00e0 d\u00e9tendre les tensions musculaires, \u00e0 \u00e9quilibrer le syst\u00e8me locomoteur et \u00e0 acc\u00e9l\u00e9rer la r\u00e9g\u00e9n\u00e9ration des tissus apr\u00e8s l\u2019entra\u00eenement.<\/p>\n<p>La M\u00e9decine traditionnelle chinoise consid\u00e8re la sant\u00e9 d\u2019une fa\u00e7on holistique. En harmonisant chaque aspect de l\u2019individu, cette th\u00e9rapie ou le praticien en m\u00e9decine chinoise pourra \u00eatre d\u2019une aide pr\u00e9cieuse \u00e0 l\u2019athl\u00e8te qui vise la performance et la sant\u00e9. Bon nombre de sportifs de haut niveau ont recours \u00e0 l\u2019acupuncture et \u00e0 la m\u00e9decine chinoise de fa\u00e7on r\u00e9guli\u00e8re. Une \u00e9tude r\u00e9cente indique que l\u2019acupuncture pourrait augmenter la puissance et la force musculaire et am\u00e9liorer le d\u00e9bit sanguin chez les athl\u00e8tes d\u2019endurance.<\/p>\n<p>L\u2019acupuncture peut \u00eatre une approche compl\u00e9mentaire pour aider un athl\u00e8te souffrant d\u2019une fatigue importante accompagn\u00e9e ou non de fatigue intellectuelle. Les sympt\u00f4mes g\u00e9n\u00e9raux pr\u00e9sent\u00e9s par l\u2019athl\u00e8te seront pris en consid\u00e9ration m\u00eame si, en apparence, ils n\u2019ont aucun lien avec son \u00e9tat de fatigue.<\/p>\n<p>Cette th\u00e9rapie occupe certainement une place parmi les traitements offerts aux athl\u00e8tes \u00e0 la suite d\u2019une blessure sportive. Elle peut \u00eatre appliqu\u00e9e en compl\u00e9mentarit\u00e9 avec les autres approches th\u00e9rapeutiques.<\/p>\n<p>Les sportifs qui ont re\u00e7u des traitements d\u2019acupuncture et les professionnels de la sant\u00e9 qui ont int\u00e9gr\u00e9 des acupuncteurs dans leur \u00e9quipe de soins sont enthousiastes car l\u2019acupuncture permet de diminuer la tum\u00e9faction et la douleur dans le cas de blessures aigu\u00ebs.<\/p>\n","protected":false},"excerpt":{"rendered":"<p>L\u2019acupuncture vient en aide aux sportifs L\u2019acupuncture, seule ou combin\u00e9e \u00e0 la phytoth\u00e9rapie chinoise et au tuina, peut soulager les sportifs, qu\u2019ils soient de haut niveau ou amateurs. Elle peut s\u2019av\u00e9rer d\u2019une grande utilit\u00e9 dans le traitement des blessures sportives, la pr\u00e9vention des blessures et l\u2019am\u00e9lioration des performances athl\u00e9tiques. Les blessures font partie du jeu&#8230;  <a class=\"excerpt-read-more\" href=\"https:\/\/sinomed.ch\/fr\/medecine-traditionnelle-chinoise\/domaine-dapplication-de-la-mtc\/douleurs-chroniques\/\" title=\"Lire Douleurs chroniques\">En savoir plus\u2026<\/a><\/p>\n","protected":false},"author":1,"featured_media":0,"parent":339,"menu_order":0,"comment_status":"open","ping_status":"open","template":"","meta":{"footnotes":""},"_links":{"self":[{"href":"https:\/\/sinomed.ch\/fr\/wp-json\/wp\/v2\/pages\/400"}],"collection":[{"href":"https:\/\/sinomed.ch\/fr\/wp-json\/wp\/v2\/pages"}],"about":[{"href":"https:\/\/sinomed.ch\/fr\/wp-json\/wp\/v2\/types\/page"}],"author":[{"embeddable":true,"href":"https:\/\/sinomed.ch\/fr\/wp-json\/wp\/v2\/users\/1"}],"replies":[{"embeddable":true,"href":"https:\/\/sinomed.ch\/fr\/wp-json\/wp\/v2\/comments?post=400"}],"version-history":[{"count":0,"href":"https:\/\/sinomed.ch\/fr\/wp-json\/wp\/v2\/pages\/400\/revisions"}],"up":[{"embeddable":true,"href":"https:\/\/sinomed.ch\/fr\/wp-json\/wp\/v2\/pages\/339"}],"wp:attachment":[{"href":"https:\/\/sinomed.ch\/fr\/wp-json\/wp\/v2\/media?parent=400"}],"curies":[{"name":"wp","href":"https:\/\/api.w.org\/{rel}","templated":true}]}}