{"id":427,"date":"2014-07-16T10:09:12","date_gmt":"2014-07-16T10:09:12","guid":{"rendered":"http:\/\/localhost\/sinomed\/de\/?page_id=427"},"modified":"2014-12-04T08:41:01","modified_gmt":"2014-12-04T08:41:01","slug":"administration","status":"publish","type":"page","link":"https:\/\/sinomed.ch\/fr\/medecine-traditionnelle-chinoise\/deroulement-du-traitement\/administration\/","title":{"rendered":"Administration"},"content":{"rendered":"<img loading=\"lazy\" decoding=\"async\" class=\"alignleft size-full wp-image-428\" style=\"margin-bottom:80px;\" src=\"https:\/\/sinomed.ch\/fr\/wp-content\/uploads\/2014\/07\/Administratives_Taste_Gesundheit_Fotolia_48792078_L.jpg\" alt=\"Administration\" width=\"300\" height=\"214\" \/>\n<p>Lors de la 1<sup>\u00e8re<\/sup> consultation, nous demandons \u00e0 nos patients de compl\u00e9ter un petit questionnaire m\u00e9dical, raison pour laquelle nous vous sugg\u00e9rons de vous rendre \u00e0 votre 1<sup>er<\/sup> rendez-vous 10 min. avant l\u2019heure pr\u00e9vue.<\/p>\n<p>Nos honoraires sont g\u00e9n\u00e9ralement \u00e9tablis apr\u00e8s 4 ou 6 s\u00e9ances et envoy\u00e9s aux patients directement. Les coordonn\u00e9es du th\u00e9rapeute, ainsi que les num\u00e9ros d\u2019affiliation au RME et \u00e0 l\u2019ASCA y figurent. N\u2019oubliez pas de v\u00e9rifier aupr\u00e8s de votre assurance votre couverture personnelle.<\/p>\n<p>En d\u00e9but de traitement, nous demandons \u00e0 tous les nouveaux patients un acompte de CHF 300.-, soit par carte de cr\u00e9dit ou au comptant. Afin de nous garantir une petite partie du traitement.<\/p>\n<p>Les rendez-vous manqu\u00e9s ou annul\u00e9s moins de 24h \u00e0 l\u2019avance sont factur\u00e9s.<\/p>\n","protected":false},"excerpt":{"rendered":"<p>Lors de la 1\u00e8re consultation, nous demandons \u00e0 nos patients de compl\u00e9ter un petit questionnaire m\u00e9dical, raison pour laquelle nous vous sugg\u00e9rons de vous rendre \u00e0 votre 1er rendez-vous 10 min. avant l\u2019heure pr\u00e9vue. Nos honoraires sont g\u00e9n\u00e9ralement \u00e9tablis apr\u00e8s 4 ou 6 s\u00e9ances et envoy\u00e9s aux patients directement. Les coordonn\u00e9es du th\u00e9rapeute, ainsi que&#8230;  <a class=\"excerpt-read-more\" href=\"https:\/\/sinomed.ch\/fr\/medecine-traditionnelle-chinoise\/deroulement-du-traitement\/administration\/\" title=\"Lire Administration\">En savoir plus\u2026<\/a><\/p>\n","protected":false},"author":1,"featured_media":0,"parent":348,"menu_order":0,"comment_status":"open","ping_status":"open","template":"","meta":{"footnotes":""},"_links":{"self":[{"href":"https:\/\/sinomed.ch\/fr\/wp-json\/wp\/v2\/pages\/427"}],"collection":[{"href":"https:\/\/sinomed.ch\/fr\/wp-json\/wp\/v2\/pages"}],"about":[{"href":"https:\/\/sinomed.ch\/fr\/wp-json\/wp\/v2\/types\/page"}],"author":[{"embeddable":true,"href":"https:\/\/sinomed.ch\/fr\/wp-json\/wp\/v2\/users\/1"}],"replies":[{"embeddable":true,"href":"https:\/\/sinomed.ch\/fr\/wp-json\/wp\/v2\/comments?post=427"}],"version-history":[{"count":0,"href":"https:\/\/sinomed.ch\/fr\/wp-json\/wp\/v2\/pages\/427\/revisions"}],"up":[{"embeddable":true,"href":"https:\/\/sinomed.ch\/fr\/wp-json\/wp\/v2\/pages\/348"}],"wp:attachment":[{"href":"https:\/\/sinomed.ch\/fr\/wp-json\/wp\/v2\/media?parent=427"}],"curies":[{"name":"wp","href":"https:\/\/api.w.org\/{rel}","templated":true}]}}