{"id":431,"date":"2014-07-16T10:12:33","date_gmt":"2014-07-16T10:12:33","guid":{"rendered":"http:\/\/localhost\/sinomed\/de\/?page_id=431"},"modified":"2014-12-04T08:52:32","modified_gmt":"2014-12-04T08:52:32","slug":"behandlungsablauf","status":"publish","type":"page","link":"https:\/\/sinomed.ch\/fr\/medecine-traditionnelle-chinoise\/deroulement-du-traitement\/behandlungsablauf\/","title":{"rendered":"D\u00e9roulement du traitement"},"content":{"rendered":"<img loading=\"lazy\" decoding=\"async\" class=\"alignleft size-full wp-image-432\" src=\"https:\/\/sinomed.ch\/fr\/wp-content\/uploads\/2014\/07\/BehandlungsablaufFotolia_61294293_XL.jpg\" alt=\"D\u00e9roulement du traitement\" width=\"300\" height=\"200\" \/>\n<p>R\u00e9servez environ 60 min. \u00e0 chaque s\u00e9ance.<\/p>\n<p>La m\u00e9decine traditionnelle chinoise con\u00e7oit l\u2019\u00eatre humain comme un ensemble \u00e9nerg\u00e9tique, dans lequel le \u00ab\u00a0QI\u00a0\u00bb, suit de mani\u00e8re harmonieuse des voies d\u00e9finies, appel\u00e9es m\u00e9ridiens. Lorsque cette force vitale stagne ou qu\u2019elle ne s\u2019\u00e9coule plus dans la bonne direction, les maladies peuvent survenir.<\/p>\n<p>Une s\u00e9ance d\u2019acupuncture commence par un interrogatoire pr\u00e9cis du patient, suivi d\u2019un diagnostic un peu particulier\u00a0: la prise du pouls, qui permet de sentir le fonctionnement des organes avec leurs \u00e9nergies et l\u2019observation de la langue, couleurs, forme, etc\u2026qui permet de se renseigner sur les diff\u00e9rentes maladies et leurs \u00e9volutions.<\/p>\n<p>Une fois le diagnostic pos\u00e9, un plan de th\u00e9rapie est \u00e9tabli sur la base de ce bilan de sant\u00e9. Il peut \u00eatre modifi\u00e9 en tout temps. Un nouveau diagnostic est effectu\u00e9 avant chaque traitement, ce qui permet d\u2019adapter la th\u00e9rapie suivant l\u2019\u00e9volution du traitement.<\/p>\n<p>En fonction de l\u2019affection du patient, l\u2019acupuncteur adapte sa th\u00e9rapie\u00a0; il a \u00e0 disposition l\u2019acupuncture, l\u2019auriculoth\u00e9rapie, les ventouses, le massage An Mo ou Tui Na, la phytoth\u00e9rapie. Il pourra utiliser une th\u00e9rapie seule ou plusieurs selon les sympt\u00f4mes du patient.<\/p>\n<p>Le nombre de s\u00e9ances d\u00e9pend du type de pathologie mais il faut compter g\u00e9n\u00e9ralement 6 \u00e0 8 s\u00e9ances, soit une fois par semaine ou deux fois si n\u00e9cessaire. Cependant, il est conseill\u00e9 qu\u2019au d\u00e9but du traitement les rendez-vous soient suivis, au minimum une fois par semaine, les r\u00e9sultats seront plus probants.<\/p>\n","protected":false},"excerpt":{"rendered":"<p>R\u00e9servez environ 60 min. \u00e0 chaque s\u00e9ance. La m\u00e9decine traditionnelle chinoise con\u00e7oit l\u2019\u00eatre humain comme un ensemble \u00e9nerg\u00e9tique, dans lequel le \u00ab\u00a0QI\u00a0\u00bb, suit de mani\u00e8re harmonieuse des voies d\u00e9finies, appel\u00e9es m\u00e9ridiens. Lorsque cette force vitale stagne ou qu\u2019elle ne s\u2019\u00e9coule plus dans la bonne direction, les maladies peuvent survenir. Une s\u00e9ance d\u2019acupuncture commence par un&#8230;  <a class=\"excerpt-read-more\" href=\"https:\/\/sinomed.ch\/fr\/medecine-traditionnelle-chinoise\/deroulement-du-traitement\/behandlungsablauf\/\" title=\"Lire D\u00e9roulement du traitement\">En savoir plus\u2026<\/a><\/p>\n","protected":false},"author":1,"featured_media":0,"parent":348,"menu_order":0,"comment_status":"open","ping_status":"open","template":"","meta":{"footnotes":""},"_links":{"self":[{"href":"https:\/\/sinomed.ch\/fr\/wp-json\/wp\/v2\/pages\/431"}],"collection":[{"href":"https:\/\/sinomed.ch\/fr\/wp-json\/wp\/v2\/pages"}],"about":[{"href":"https:\/\/sinomed.ch\/fr\/wp-json\/wp\/v2\/types\/page"}],"author":[{"embeddable":true,"href":"https:\/\/sinomed.ch\/fr\/wp-json\/wp\/v2\/users\/1"}],"replies":[{"embeddable":true,"href":"https:\/\/sinomed.ch\/fr\/wp-json\/wp\/v2\/comments?post=431"}],"version-history":[{"count":0,"href":"https:\/\/sinomed.ch\/fr\/wp-json\/wp\/v2\/pages\/431\/revisions"}],"up":[{"embeddable":true,"href":"https:\/\/sinomed.ch\/fr\/wp-json\/wp\/v2\/pages\/348"}],"wp:attachment":[{"href":"https:\/\/sinomed.ch\/fr\/wp-json\/wp\/v2\/media?parent=431"}],"curies":[{"name":"wp","href":"https:\/\/api.w.org\/{rel}","templated":true}]}}