{"id":435,"date":"2014-07-16T10:23:23","date_gmt":"2014-07-16T10:23:23","guid":{"rendered":"http:\/\/localhost\/sinomed\/de\/?page_id=435"},"modified":"2014-12-04T08:52:21","modified_gmt":"2014-12-04T08:52:21","slug":"effets-secondaires","status":"publish","type":"page","link":"https:\/\/sinomed.ch\/fr\/medecine-traditionnelle-chinoise\/deroulement-du-traitement\/effets-secondaires\/","title":{"rendered":"Effets secondaires"},"content":{"rendered":"<img loading=\"lazy\" decoding=\"async\" class=\"alignleft size-full wp-image-436\" src=\"https:\/\/sinomed.ch\/fr\/wp-content\/uploads\/2014\/07\/Nebenwirkungen_Fotolia_49720433_XL.jpg\" alt=\"Effets secondaires\" width=\"300\" height=\"200\" \/>\n<p>Selon l\u2019exp\u00e9rience v\u00e9cue, apr\u00e8s une s\u00e9ance d\u2019acupuncture, les sympt\u00f4mes de la maladie peuvent s\u2019accentuer. Une sensation de picotement durant une demi-heure est tout \u00e0 fait normale ainsi qu\u2019une l\u00e9g\u00e8re fatigue, cela prouve \u00e9galement l\u2019efficacit\u00e9 de la th\u00e9rapie. Chaque individu r\u00e9agissant diff\u00e9remment au traitement, il est bien entendu impossible de g\u00e9n\u00e9raliser. Il est conseill\u00e9 de manger quelque chose avant les s\u00e9ances d\u2019acupuncture pour \u00e9viter les sensations de naus\u00e9es lors du traitement.<\/p>\n","protected":false},"excerpt":{"rendered":"<p>Selon l\u2019exp\u00e9rience v\u00e9cue, apr\u00e8s une s\u00e9ance d\u2019acupuncture, les sympt\u00f4mes de la maladie peuvent s\u2019accentuer. Une sensation de picotement durant une demi-heure est tout \u00e0 fait normale ainsi qu\u2019une l\u00e9g\u00e8re fatigue, cela prouve \u00e9galement l\u2019efficacit\u00e9 de la th\u00e9rapie. Chaque individu r\u00e9agissant diff\u00e9remment au traitement, il est bien entendu impossible de g\u00e9n\u00e9raliser. Il est conseill\u00e9 de manger&#8230;  <a class=\"excerpt-read-more\" href=\"https:\/\/sinomed.ch\/fr\/medecine-traditionnelle-chinoise\/deroulement-du-traitement\/effets-secondaires\/\" title=\"Lire Effets secondaires\">En savoir plus\u2026<\/a><\/p>\n","protected":false},"author":1,"featured_media":0,"parent":348,"menu_order":0,"comment_status":"open","ping_status":"open","template":"","meta":{"footnotes":""},"_links":{"self":[{"href":"https:\/\/sinomed.ch\/fr\/wp-json\/wp\/v2\/pages\/435"}],"collection":[{"href":"https:\/\/sinomed.ch\/fr\/wp-json\/wp\/v2\/pages"}],"about":[{"href":"https:\/\/sinomed.ch\/fr\/wp-json\/wp\/v2\/types\/page"}],"author":[{"embeddable":true,"href":"https:\/\/sinomed.ch\/fr\/wp-json\/wp\/v2\/users\/1"}],"replies":[{"embeddable":true,"href":"https:\/\/sinomed.ch\/fr\/wp-json\/wp\/v2\/comments?post=435"}],"version-history":[{"count":0,"href":"https:\/\/sinomed.ch\/fr\/wp-json\/wp\/v2\/pages\/435\/revisions"}],"up":[{"embeddable":true,"href":"https:\/\/sinomed.ch\/fr\/wp-json\/wp\/v2\/pages\/348"}],"wp:attachment":[{"href":"https:\/\/sinomed.ch\/fr\/wp-json\/wp\/v2\/media?parent=435"}],"curies":[{"name":"wp","href":"https:\/\/api.w.org\/{rel}","templated":true}]}}