{"id":439,"date":"2014-07-16T10:34:33","date_gmt":"2014-07-16T10:34:33","guid":{"rendered":"http:\/\/localhost\/sinomed\/de\/?page_id=439"},"modified":"2014-12-11T09:06:51","modified_gmt":"2014-12-11T09:06:51","slug":"liste-de-prix","status":"publish","type":"page","link":"https:\/\/sinomed.ch\/fr\/medecine-traditionnelle-chinoise\/tarifs-et-assurances\/liste-de-prix\/","title":{"rendered":"Liste de prix"},"content":{"rendered":"<table>\n<tbody>\n<tr>\n<td><\/td>\n<td class=\"price\">Prix CHF<\/td>\n<\/tr>\n<\/tbody>\n<\/table>\n<table>\n<tbody>\n<tr>\n<th><strong>M\u00e9thodes de traitement<\/strong><\/th>\n<th><\/th>\n<\/tr>\n<tr>\n<td>Acupuncture, 1<sup>er<\/sup> traitement<\/td>\n<td class=\"price\">150,00<\/td>\n<\/tr>\n<tr>\n<td>Acupuncture, suite traitement (avec 1 seul ou aucun tt suppl.)<\/td>\n<td class=\"price\">140,00<\/td>\n<\/tr>\n<\/tbody>\n<\/table>\n<table>\n<tbody>\n<tr>\n<th>M\u00e9thodes combin\u00e9es avec l\u2019acupuncture<\/th>\n<th><\/th>\n<\/tr>\n<tr>\n<td>Acupuncture + 2 traitements suppl. soit lampe, auriculo, etc.<\/td>\n<td class=\"price\">150,00<\/td>\n<\/tr>\n<tr>\n<td>Acupuncture combin\u00e9e avec un massage + \u00e9ventuellement une th\u00e9rapie suppl. lampe, ventouses, etc.<\/td>\n<td class=\"price\">165,00<\/td>\n<\/tr>\n<\/tbody>\n<\/table>\n<table>\n<tbody>\n<tr>\n<th>M\u00e9thodes pratiqu\u00e9es seules<\/th>\n<th><\/th>\n<th><\/th>\n<\/tr>\n<tr>\n<td>Massage Tui-Na<\/td>\n<td>env. 15 min<\/td>\n<td class=\"price\">65,00<\/td>\n<\/tr>\n<tr>\n<td>Massage Tui-Na<\/td>\n<td>env. 30 min<\/td>\n<td class=\"price\">85,00<\/td>\n<\/tr>\n<tr>\n<td>Massage Tui-Na<\/td>\n<td>env. 45 min<\/td>\n<td class=\"price\">120,00<\/td>\n<\/tr>\n<tr>\n<td>Ventouses<\/td>\n<td>env. 30 min<\/td>\n<td class=\"price\">85,00<\/td>\n<\/tr>\n<tr>\n<td>Auriculoth\u00e9rapie<\/td>\n<td>env. 30 min<\/td>\n<td class=\"price\">85,00<\/td>\n<\/tr>\n<tr>\n<td>Moxibustion<\/td>\n<td>env. 30 min<\/td>\n<td class=\"price\">85,00<\/td>\n<\/tr>\n<tr>\n<td>Prescription m\u00e9dicinale<\/td>\n<td>env. 45 min<\/td>\n<td class=\"price\">100,00<\/td>\n<\/tr>\n<tr>\n<td>Prescription m\u00e9dicinale<\/td>\n<td>env. 15 min<\/td>\n<td class=\"price\">55,00<\/td>\n<\/tr>\n<tr>\n<td>Prescription m\u00e9dicinale renouvellement<\/td>\n<td>env. 10 min<\/td>\n<td class=\"price\">25,00<\/td>\n<\/tr>\n<tr>\n<td><\/td>\n<td><\/td>\n<td class=\"price\"><\/td>\n<\/tr>\n<tr>\n<td>Rendez-vous manqu\u00e9<\/td>\n<td><\/td>\n<td class=\"price\">100,00<\/td>\n<\/tr>\n<\/tbody>\n<\/table>\n<table>\n<tbody>\n<tr>\n<th>Tarifs enfants jusqu\u2019\u00e0 16 ans<\/th>\n<th><\/th>\n<\/tr>\n<tr>\n<td>Acupuncture 1er traitement, forfait enf. Jusqu\u2019\u00e0 16 ans<\/td>\n<td class=\"price\">120,00<\/td>\n<\/tr>\n<tr>\n<td>Acupuncture, suite de traitement, forfait enf. Jusqu\u2019\u00e0 16 ans<\/td>\n<td class=\"price\">105,00<\/td>\n<\/tr>\n<tr>\n<td>Acupuncture + massage forfait enf. Jusqu\u2019\u00e0 16 ans<\/td>\n<td class=\"price\">145,00<\/td>\n<\/tr>\n<\/tbody>\n<\/table>\n<p><strong>Tarif sp\u00e9cial<\/strong><\/p>\n<p>Pour les patients n\u2019ayant pas d\u2019assurance compl\u00e9mentaire. Sur demande uniquement.<\/p>\n<p>Les honoraires sont \u00e9tablis \u00e0 la fin du traitement, cependant un acompte sera per\u00e7u au d\u00e9but de votre traitement.<\/p>\n","protected":false},"excerpt":{"rendered":"<p>Prix CHF M\u00e9thodes de traitement Acupuncture, 1er traitement 150,00 Acupuncture, suite traitement (avec 1 seul ou aucun tt suppl.) 140,00 M\u00e9thodes combin\u00e9es avec l\u2019acupuncture Acupuncture + 2 traitements suppl. soit lampe, auriculo, etc. 150,00 Acupuncture combin\u00e9e avec un massage + \u00e9ventuellement une th\u00e9rapie suppl. lampe, ventouses, etc. 165,00 M\u00e9thodes pratiqu\u00e9es seules Massage Tui-Na env. 15&#8230;  <a class=\"excerpt-read-more\" href=\"https:\/\/sinomed.ch\/fr\/medecine-traditionnelle-chinoise\/tarifs-et-assurances\/liste-de-prix\/\" title=\"Lire Liste de prix\">En savoir plus\u2026<\/a><\/p>\n","protected":false},"author":1,"featured_media":0,"parent":352,"menu_order":0,"comment_status":"open","ping_status":"open","template":"","meta":{"footnotes":""},"_links":{"self":[{"href":"https:\/\/sinomed.ch\/fr\/wp-json\/wp\/v2\/pages\/439"}],"collection":[{"href":"https:\/\/sinomed.ch\/fr\/wp-json\/wp\/v2\/pages"}],"about":[{"href":"https:\/\/sinomed.ch\/fr\/wp-json\/wp\/v2\/types\/page"}],"author":[{"embeddable":true,"href":"https:\/\/sinomed.ch\/fr\/wp-json\/wp\/v2\/users\/1"}],"replies":[{"embeddable":true,"href":"https:\/\/sinomed.ch\/fr\/wp-json\/wp\/v2\/comments?post=439"}],"version-history":[{"count":1,"href":"https:\/\/sinomed.ch\/fr\/wp-json\/wp\/v2\/pages\/439\/revisions"}],"predecessor-version":[{"id":1763,"href":"https:\/\/sinomed.ch\/fr\/wp-json\/wp\/v2\/pages\/439\/revisions\/1763"}],"up":[{"embeddable":true,"href":"https:\/\/sinomed.ch\/fr\/wp-json\/wp\/v2\/pages\/352"}],"wp:attachment":[{"href":"https:\/\/sinomed.ch\/fr\/wp-json\/wp\/v2\/media?parent=439"}],"curies":[{"name":"wp","href":"https:\/\/api.w.org\/{rel}","templated":true}]}}