{"id":450,"date":"2014-07-16T11:13:31","date_gmt":"2014-07-16T11:13:31","guid":{"rendered":"http:\/\/localhost\/sinomed\/de\/?page_id=450"},"modified":"2014-12-04T09:02:49","modified_gmt":"2014-12-04T09:02:49","slug":"assurances-maladie-et-medecines-alternatives","status":"publish","type":"page","link":"https:\/\/sinomed.ch\/fr\/medecine-traditionnelle-chinoise\/tarifs-et-assurances\/assurances-maladie-et-medecines-alternatives\/","title":{"rendered":"Assurances maladie et m\u00e9decines alternatives"},"content":{"rendered":"<img loading=\"lazy\" decoding=\"async\" class=\"alignleft size-full wp-image-451\" src=\"https:\/\/sinomed.ch\/fr\/wp-content\/uploads\/2014\/07\/Krankenkassen_Fotolia_41963794_XL.jpg\" alt=\"Assurances maladie et m\u00e9decines alternatives\" width=\"300\" height=\"200\" \/>\n<p>Nos prestations sont rembours\u00e9es partiellement par l\u2019assurance compl\u00e9mentaire pour les m\u00e9decines alternatives. Elles ne sont pas prises en charge par la LAMAL (l\u2019assurance de base), car nos th\u00e9rapeutes ne sont pas titulaire d\u2019un titre de m\u00e9decin FMH.<\/p>\n<p>D\u00e8s lors, nous vous recommandons de vous informer sur votre couverture personnelle aupr\u00e8s de votre assurance.<\/p>\n<p>Nos th\u00e9rapeutes sont affili\u00e9s aupr\u00e8s du RME, ASCA et APTN, trois associations qui reconnaissent les th\u00e9rapeutes et chaque caisse maladie reconna\u00eet les th\u00e9rapeutes affili\u00e9s \u00e0 l\u2019une ou l\u2019autre de ces associations.<\/p>\n","protected":false},"excerpt":{"rendered":"<p>Nos prestations sont rembours\u00e9es partiellement par l\u2019assurance compl\u00e9mentaire pour les m\u00e9decines alternatives. Elles ne sont pas prises en charge par la LAMAL (l\u2019assurance de base), car nos th\u00e9rapeutes ne sont pas titulaire d\u2019un titre de m\u00e9decin FMH. D\u00e8s lors, nous vous recommandons de vous informer sur votre couverture personnelle aupr\u00e8s de votre assurance. Nos th\u00e9rapeutes&#8230;  <a class=\"excerpt-read-more\" href=\"https:\/\/sinomed.ch\/fr\/medecine-traditionnelle-chinoise\/tarifs-et-assurances\/assurances-maladie-et-medecines-alternatives\/\" title=\"Lire Assurances maladie et m\u00e9decines alternatives\">En savoir plus\u2026<\/a><\/p>\n","protected":false},"author":1,"featured_media":0,"parent":352,"menu_order":0,"comment_status":"open","ping_status":"open","template":"","meta":{"footnotes":""},"_links":{"self":[{"href":"https:\/\/sinomed.ch\/fr\/wp-json\/wp\/v2\/pages\/450"}],"collection":[{"href":"https:\/\/sinomed.ch\/fr\/wp-json\/wp\/v2\/pages"}],"about":[{"href":"https:\/\/sinomed.ch\/fr\/wp-json\/wp\/v2\/types\/page"}],"author":[{"embeddable":true,"href":"https:\/\/sinomed.ch\/fr\/wp-json\/wp\/v2\/users\/1"}],"replies":[{"embeddable":true,"href":"https:\/\/sinomed.ch\/fr\/wp-json\/wp\/v2\/comments?post=450"}],"version-history":[{"count":0,"href":"https:\/\/sinomed.ch\/fr\/wp-json\/wp\/v2\/pages\/450\/revisions"}],"up":[{"embeddable":true,"href":"https:\/\/sinomed.ch\/fr\/wp-json\/wp\/v2\/pages\/352"}],"wp:attachment":[{"href":"https:\/\/sinomed.ch\/fr\/wp-json\/wp\/v2\/media?parent=450"}],"curies":[{"name":"wp","href":"https:\/\/api.w.org\/{rel}","templated":true}]}}