{"id":454,"date":"2014-07-16T11:19:51","date_gmt":"2014-07-16T11:19:51","guid":{"rendered":"http:\/\/localhost\/sinomed\/de\/?page_id=454"},"modified":"2014-12-11T09:09:45","modified_gmt":"2014-12-11T09:09:45","slug":"questions-souvent-posees","status":"publish","type":"page","link":"https:\/\/sinomed.ch\/fr\/medecine-traditionnelle-chinoise\/questions\/questions-souvent-posees\/","title":{"rendered":"Questions souvent pos\u00e9es"},"content":{"rendered":"<ol>\n<li>\n<h3>Quel est le contenu principal de la m\u00e9decine traditionnelle chinoise ?<\/h3>\n<p>La m\u00e9decine traditionnelle chinoise (MTC) a pour vocation de maintenir la sant\u00e9, pr\u00e9venir la maladie et r\u00e9gulariser le plan psychique de l\u2019\u00eatre humain.<br \/>\nElle comprend trois parties principales :<\/p>\n<ul>\n<li>Les th\u00e9ories fondamentales de la MTC<\/li>\n<li>Le diagnostic et les traitements cliniques<\/li>\n<li>La pr\u00e9vention et le maintien de la sant\u00e9<\/li>\n<\/ul>\n<p>Avec les exp\u00e9riences m\u00e9dicales et le d\u00e9veloppement de la th\u00e9orie, un syst\u00e8me th\u00e9orique complet de la MTC s\u2019est form\u00e9. Ce syst\u00e8me s\u2019est constitu\u00e9 d\u2019exp\u00e9riences cliniques et de pr\u00e9ventions m\u00e9dicales pratiqu\u00e9es par le peuple chinois pendant des milliers d\u2019ann\u00e9es. Il est \u00e9galement le r\u00e9sultat de leurs observations et r\u00e9flexions sur l\u2019organisme et le psychisme humains et sur l\u2019univers.<\/li>\n<li>\n<h3>Quelles sont les fonctions et significations cliniques des points d\u2019acupuncture ?<\/h3>\n<p>Les points d\u2019acupuncture (les lieux o\u00f9 le Qi et le sang des m\u00e9ridiens et des visc\u00e8res sont vers\u00e9s) ont pour fonction principale de relier la surface et l\u2019int\u00e9rieur du corps. En clinique, ces propri\u00e9t\u00e9s fonctionnelles ont une valeur majeure dans le diagnostic et le traitement.<\/p>\n<p>A l\u2019\u00e9tat pathologique, aux points concern\u00e9s, on peut noter des signes tels que douleur \u00e0 la pression, sensation d\u2019endolorissement ou d\u2019engourdissement, tubercule, gonflement, d\u00e9coloration, papule, desquamation ou creux\u2026 Il s\u2019agit des modifications pathologiques qui indiquent le d\u00e9r\u00e8glement du Qi et du sang des m\u00e9ridiens ou des visc\u00e8res. En clinique, on peut se servir des ces r\u00e9actions pour diagnostiquer. Par exemple, aujourd\u2019hui la palpation des points est couramment utilis\u00e9e, il est \u00e9galement possible de trouver les points sensibles en testant la conductibilit\u00e9 \u00e9lectrique des points.<\/p>\n<p>L\u2019acupuncture et le Tuina consistent \u00e0 travailler et stimuler directement les points, ce qui permet de d\u00e9gager les m\u00e9ridiens, de relancer le Qi, de r\u00e9gulariser la circulation du Qi et du sang et par l\u00e0 disperser le Qi pervers (Xie Qi) et soutenir le Qi vital (Zhen Qi). Les points sont non seulement efficaces pour les pathologies locales (foyers morbides proches des points choisis) mais aussi pour les maladies \u00e9loign\u00e9es des points choisis localis\u00e9es aux m\u00e9ridiens concern\u00e9s. Cela constitue les actions th\u00e9rapeutiques des points sur des affections locales et des affections \u00e9loign\u00e9es. Les points qui poss\u00e8dent les effets th\u00e9rapeutiques sur les maladies \u00e9loign\u00e9es de leur emplacement se trouvent surtout aux 14 m\u00e9ridiens r\u00e9guliers (en particulier aux quatre membres). On constate que certains points poss\u00e8dent une action th\u00e9rapeutique sp\u00e9cifique sur un certain sympt\u00f4me ou une certaine pathologie, comme les points symptomatiques, par exemple, Zhi Yin (67 V) agit sur la mauvaise position du f\u0153tus.<\/li>\n<li>\n<h3>Qu\u2019est ce que l\u2019acupuncture ? Comment l\u2019appliquer pour traiter les maladies ?<\/h3>\n<p>L\u2019acupuncture consiste en deux parties : la puncture et la moxibustion. Les aiguilles sont utilis\u00e9es pour piquer les points situ\u00e9s aux m\u00e9ridiens du corps humain. La moxibustion est utilis\u00e9e pour chauffer, avec des moxas allum\u00e9s, la peau autour du point ou l\u2019endroit atteint par la maladie dans un but th\u00e9rapeutique ou pr\u00e9ventif. L\u2019acupuncture et la moxibustion ont pour fonctions principales de d\u00e9gager les m\u00e9ridiens, r\u00e9gulariser les organes-entrailles (Zang Fu), faire circuler le Qi et le sang, harmoniser le Yin et le Yang, renforcer l\u2019\u00e9nergie vitale et \u00e9liminer les \u00e9nergies perverses afin de pr\u00e9venir ou traiter les maladies.<\/p>\n<p>Le traitement par l\u2019acupuncture est guid\u00e9 par le diagnostic diff\u00e9rentiel, c\u2019est-\u00e0-dire l\u2019analyse des rapports entre les maladies et les organes-entrailles et les m\u00e9ridiens ainsi que des sympt\u00f4mes diff\u00e9rents d\u2019apr\u00e8s les huit r\u00e8gles (Froid-Chaleur, Ext\u00e9rieur-Int\u00e9rieur, Vide-Pl\u00e9nitude, Yin-Yang) et la pathologie du Qi et du sang. Cette analyse aidera \u00e0 trouver le syndrome de la pathologie \u00e0 traiter. On peut alors choisir les points convenables, faire la tonification ou la dispersion avec des aiguilles ou la moxibustion en fonction du cas.<\/li>\n<li>\n<h3>Comment pr\u00e9venir la maladie et pr\u00e9server la sant\u00e9 en m\u00e9decine chinoise ?<\/h3>\n<p>Pr\u00e9venir avant que la maladie ne se d\u00e9clenche et \u00e9viter l\u2019aggravation lorsqu\u2019elle a commenc\u00e9, voil\u00e0 le principe primordial en m\u00e9decine Chinoise.<\/p>\n<p>Il existe, dans les ouvrages m\u00e9dicaux de toutes les \u00e9poques, des chapitres consacr\u00e9s \u00e0 la pr\u00e9vention comprenant des exercices physiques pour m\u00e9nager la sant\u00e9, la bonne hygi\u00e8ne de vie, comme Wu Qin Xi (exercices imitant les mouvements des cinq animaux), Tai Ji Quan, acupuncture, Tuina (ou An Mo massage), ou m\u00eame la vaccination\u2026 Toutes ces pratiques sont efficaces. La m\u00e9decine chinoise insiste sur les m\u00e9thodes pour m\u00e9nager sa sant\u00e9, son \u00e9tat physique et moral afin de pr\u00e9venir la maladie. D\u2019apr\u00e8s le concept de la globalit\u00e9, l\u2019homme, qui vit dans la nature, doit se fortifier en faisant des exercices physiques, suivre une bonne hygi\u00e8ne de vie et s\u2019adapter \u00e0 l\u2019environnement naturel et au climat. Et la bonne humeur doit \u00e9galement occuper une place importante dans la sant\u00e9. Tous ces \u00e9l\u00e9ments participent au renforcement du Qi vital.<\/p>\n<p>Quant aux moyens de pr\u00e9server la sant\u00e9, nous pouvons citer l\u2019\u00e9tat moral positif, un r\u00e9gime alimentaire \u00e9quilibr\u00e9, une bonne hygi\u00e8ne de vie, alterner travail et repos, la prise de tonifiants, le traitement par l\u2019acupuncture et le Tuina (An Mo), Qi Gong, les exercices physiques comme le Wu Qin Xi, Tai Ji Quan, les arts martiaux\u2026<\/li>\n<li>\n<h3>Quels sont les accidents \u00e9ventuels lors du traitement par l\u2019acupuncture ?<\/h3>\n<h5>Aiguilles douloureuses<\/h5>\n<p>Pendant la puncture ou la pose d\u2019aiguilles, \u00e0 cause de facteurs comme une constitution faible, nervosit\u00e9, inanition, fatigue et sudation profuse, le patient peut pr\u00e9senter un ou des signes suivants : faci\u00e8s p\u00e2le, sueurs froides, palpitations, vertiges, \u00e9blouissement, oppression thoracique, naus\u00e9es, refroidissement des extr\u00e9mit\u00e9s et pouls faible. A l\u2019apparition des signes pr\u00e9cit\u00e9s, il faut enlever toutes les aiguilles imm\u00e9diatement. Les sympt\u00f4mes vont dispara\u00eetre apr\u00e8s un petit repos. La douleur due \u00e0 l\u2019aiguille arrive rarement lorsque la puncture est superficielle et le malalde est en position allong\u00e9e.<\/p>\n<h5>H\u00e9matome<\/h5>\n<p>C\u2019est un gonflement local d\u00fb \u00e0 une l\u00e9sion de vaisseaux capillaires au cours de la puncture. Le patient peut avoir une sensation de distension ou de douleur \u00e0 la suite du retrait des aiguilles. En g\u00e9n\u00e9ral, ces signes vont dispara\u00eetre apr\u00e8s une palpation locale, sinon l\u2019h\u00e9matome va dispara\u00eetre tout seul au bout de quelques jours.<\/li>\n<li>\n<h3>Quel est le pronostic dans le traitement d\u2019acupuncture ?<\/h3>\n<p>Le pronostic varie en fonction du cas du patient. En g\u00e9n\u00e9ral, s\u2019il s\u2019agit d\u2019un cas simple et de courte dur\u00e9e, le pronostic est bon et une fois soulag\u00e9, il n\u2019y aura pas de rechute. Pour un cas complexe et chronique, on ne peut pas esp\u00e9rer un effet curatif imm\u00e9diat et il y aura des r\u00e9cidives (par ex. dans les pathologies chroniques ou consomptives ou probl\u00e8mes li\u00e9s au facteur \u00e9motionnel). Pour certaines maladies, les rechutes apr\u00e8s la gu\u00e9rison peuvent se pr\u00e9senter si les mesures de pr\u00e9vention sont n\u00e9glig\u00e9es. Par exemple : une personne en bonne sant\u00e9 peut tomber malade si elle ne sait pas se pr\u00e9server. Ne pas \u00eatre malade ne signifie pas ne pas risquer de l\u2019\u00eatre, d\u2019o\u00f9 la n\u00e9cessit\u00e9 des mesures pr\u00e9ventives.<\/li>\n<li>\n<h3>Quelles sont les formes courantes de la pharmacop\u00e9e chinoise ?<\/h3>\n<p>Dans le traitement par la pharmacop\u00e9e chinoise, pour obtenir un meilleur effet curatif, chaque prescription est combin\u00e9e par des produits qui ont des fonctions diff\u00e9rentes appel\u00e9s respectivement empereur, ministre, assistant et ambassadeur. Les formes de la pr\u00e9paration de ces produits sont tr\u00e8s vari\u00e9es : d\u00e9coction, infusion, poudre, produit liquide pour injecter dans les points d\u2019acupuncture, pommade\u2026 Et l\u2019utilisation se fait par voie buccale ou en usage externe.<\/li>\n<li>\n<h3>Pendant combien de temps faut-il maintenir l\u2019aiguille ?<\/h3>\n<p>En g\u00e9n\u00e9ral, la pose d\u2019aiguilles dure 45 minutes. On peut prolonger ou diminuer cette dur\u00e9e en fonction de l\u2019\u00e2ge, du terrain et du cas du patient.<\/li>\n<li>\n<h3>Comment d\u00e9terminer la cure d\u2019acupuncture ?<\/h3>\n<p>Cela d\u00e9pend surtout de la nature et de la dur\u00e9e de la maladie \u00e0 traiter. Pour un cas l\u00e9ger de courte dur\u00e9e, deux ou trois s\u00e9ances suffisent, alors que pour un cas complexe et de longue dur\u00e9e, le traitement dure plus longtemps. En g\u00e9n\u00e9ral, on donne une ou deux s\u00e9ances par semaine (ceci d\u00e9pend de la constitution physique du patient, ce n\u2019est pas tout \u00e0 fait pareil pour les occidentaux et les orientaux), dix s\u00e9ances constituent une cure, une pause de 10 ou 15 jours est n\u00e9cessaire pour observer les effets th\u00e9rapeutiques avant de passer \u00e0 la deuxi\u00e8me cure.<\/li>\n<li>\n<h3>Est-ce que l\u2019acupuncture porte un risque de contagion ?<\/h3>\n<p>Il n\u2019y a aucun risque de contagion, car nos aiguilles sont st\u00e9riles et \u00e0 usage unique.<\/li>\n<li>\n<h3>Quand peut-on voir les r\u00e9sultats du traitement d\u2019acupuncture ?<\/h3>\n<p>L\u2019effet peut \u00eatre imm\u00e9diat ou progressif, cela d\u00e9pend du cas, du terrain constitutionnel et de la r\u00e9action personnelle \u00e0 l\u2019environnement de vie ou de travail (qui sont souvent diff\u00e9rents d\u2019un individu \u00e0 un autre), en particulier pour les pathologies organiques ou psychiques, Pourtant on peut noter les possibilit\u00e9s suivantes :<\/p>\n<ul>\n<li>le r\u00e9sultat se voit progressivement pendant le d\u00e9roulement de la cure<\/li>\n<li>le traitement donne un effet imm\u00e9diat<\/li>\n<li>l\u2019am\u00e9lioration ne se voit pas pendant la cure, mais quand la cure est termin\u00e9e (les sympt\u00f4mes diminuent d\u2019une fa\u00e7on progressive).<\/li>\n<\/ul>\n<\/li>\n<li>\n<h3>Quelles sont les sensations de puncture, est-ce qu\u2019elles sont importantes pour les effets<\/h3>\n<h3>curatifs ?<\/h3>\n<p>Lors de la puncture, le patient peut avoir des sensations comme endolorissement, gonflement, lourdeur ou engourdissement (sauf la douleur). Ceci indique l\u2019arriv\u00e9e du Qi, tr\u00e8s important pour un traitement efficace.<\/li>\n<li>\n<h3>Quelles sont les pr\u00e9cautions \u00e0 prendre avant une s\u00e9ance d\u2019acupuncture ?<\/h3>\n<p>Il est conseill\u00e9 de manger quelque chose avant les s\u00e9ances d\u2019acupuncture, pour \u00e9viter une sensation de naus\u00e9e ou de vertige.<\/li>\n<li>\n<h3>Est-ce que l\u2019acupuncture a des effets secondaires ?<\/h3>\n<p>Selon l\u2019exp\u00e9rience v\u00e9cue, apr\u00e8s une s\u00e9ance d\u2019acupuncture, les sympt\u00f4mes de la maladie peuvent s\u2019accentuer ou voir m\u00eame se modifier. Une sensation de picotement durant une demi-heure est tout \u00e0 fait normale ainsi qu\u2019une l\u00e9g\u00e8re fatigue, cela prouve \u00e9galement l\u2019efficacit\u00e9 de la th\u00e9rapie, Chaque individu r\u00e9agissant diff\u00e9remment au traitement, il est bien entendu impossible de g\u00e9n\u00e9raliser.<\/li>\n<\/ol>\n","protected":false},"excerpt":{"rendered":"<p>Quel est le contenu principal de la m\u00e9decine traditionnelle chinoise ? La m\u00e9decine traditionnelle chinoise (MTC) a pour vocation de maintenir la sant\u00e9, pr\u00e9venir la maladie et r\u00e9gulariser le plan psychique de l\u2019\u00eatre humain. Elle comprend trois parties principales : Les th\u00e9ories fondamentales de la MTC Le diagnostic et les traitements cliniques La pr\u00e9vention et&#8230;  <a class=\"excerpt-read-more\" href=\"https:\/\/sinomed.ch\/fr\/medecine-traditionnelle-chinoise\/questions\/questions-souvent-posees\/\" title=\"Lire Questions souvent pos\u00e9es\">En savoir plus\u2026<\/a><\/p>\n","protected":false},"author":1,"featured_media":0,"parent":356,"menu_order":0,"comment_status":"open","ping_status":"open","template":"","meta":{"footnotes":""},"_links":{"self":[{"href":"https:\/\/sinomed.ch\/fr\/wp-json\/wp\/v2\/pages\/454"}],"collection":[{"href":"https:\/\/sinomed.ch\/fr\/wp-json\/wp\/v2\/pages"}],"about":[{"href":"https:\/\/sinomed.ch\/fr\/wp-json\/wp\/v2\/types\/page"}],"author":[{"embeddable":true,"href":"https:\/\/sinomed.ch\/fr\/wp-json\/wp\/v2\/users\/1"}],"replies":[{"embeddable":true,"href":"https:\/\/sinomed.ch\/fr\/wp-json\/wp\/v2\/comments?post=454"}],"version-history":[{"count":3,"href":"https:\/\/sinomed.ch\/fr\/wp-json\/wp\/v2\/pages\/454\/revisions"}],"predecessor-version":[{"id":1766,"href":"https:\/\/sinomed.ch\/fr\/wp-json\/wp\/v2\/pages\/454\/revisions\/1766"}],"up":[{"embeddable":true,"href":"https:\/\/sinomed.ch\/fr\/wp-json\/wp\/v2\/pages\/356"}],"wp:attachment":[{"href":"https:\/\/sinomed.ch\/fr\/wp-json\/wp\/v2\/media?parent=454"}],"curies":[{"name":"wp","href":"https:\/\/api.w.org\/{rel}","templated":true}]}}