{"id":50,"date":"2014-04-11T00:34:02","date_gmt":"2014-04-11T00:34:02","guid":{"rendered":"http:\/\/localhost\/sinomed\/de\/?page_id=50"},"modified":"2015-04-30T13:24:28","modified_gmt":"2015-04-30T13:24:28","slug":"magazine-sinonews","status":"publish","type":"page","link":"https:\/\/sinomed.ch\/fr\/informations-pratiques\/magazine-sinonews\/","title":{"rendered":"Magazine Sinonews"},"content":{"rendered":"<p><b>Parution du magazine \u00ab\u00a0Sinonews\u00a0\u00bb<\/b><\/p>\n<p>Pour r\u00e9pondre \u00e0 un souhait de nos patients, nous \u00e9ditons notre journal \u00ab Sinonews \u00bb qui a pour objectif d&rsquo;apporter des connaissances sur la M\u00e9decine Traditionnelle Chinoise (MTC), ses possibilit\u00e9s de traitement.<\/p>\n","protected":false},"excerpt":{"rendered":"<p>Parution du magazine \u00ab\u00a0Sinonews\u00a0\u00bb Pour r\u00e9pondre \u00e0 un souhait de nos patients, nous \u00e9ditons notre journal \u00ab Sinonews \u00bb qui a pour objectif d&rsquo;apporter des connaissances sur la M\u00e9decine Traditionnelle Chinoise (MTC), ses possibilit\u00e9s de traitement.<\/p>\n","protected":false},"author":1,"featured_media":0,"parent":48,"menu_order":0,"comment_status":"open","ping_status":"open","template":"page-magazine.php","meta":{"footnotes":""},"_links":{"self":[{"href":"https:\/\/sinomed.ch\/fr\/wp-json\/wp\/v2\/pages\/50"}],"collection":[{"href":"https:\/\/sinomed.ch\/fr\/wp-json\/wp\/v2\/pages"}],"about":[{"href":"https:\/\/sinomed.ch\/fr\/wp-json\/wp\/v2\/types\/page"}],"author":[{"embeddable":true,"href":"https:\/\/sinomed.ch\/fr\/wp-json\/wp\/v2\/users\/1"}],"replies":[{"embeddable":true,"href":"https:\/\/sinomed.ch\/fr\/wp-json\/wp\/v2\/comments?post=50"}],"version-history":[{"count":6,"href":"https:\/\/sinomed.ch\/fr\/wp-json\/wp\/v2\/pages\/50\/revisions"}],"predecessor-version":[{"id":1856,"href":"https:\/\/sinomed.ch\/fr\/wp-json\/wp\/v2\/pages\/50\/revisions\/1856"}],"up":[{"embeddable":true,"href":"https:\/\/sinomed.ch\/fr\/wp-json\/wp\/v2\/pages\/48"}],"wp:attachment":[{"href":"https:\/\/sinomed.ch\/fr\/wp-json\/wp\/v2\/media?parent=50"}],"curies":[{"name":"wp","href":"https:\/\/api.w.org\/{rel}","templated":true}]}}