{"id":504,"date":"2014-07-29T14:44:10","date_gmt":"2014-07-29T14:44:10","guid":{"rendered":"http:\/\/localhost\/sinomed\/de\/?page_id=504"},"modified":"2018-05-23T11:26:29","modified_gmt":"2018-05-23T11:26:29","slug":"empreinte","status":"publish","type":"page","link":"https:\/\/sinomed.ch\/fr\/empreinte\/","title":{"rendered":"Empreinte"},"content":{"rendered":"<h2>Sinomed Montreux S\u00e0rl<\/h2>\n<p>Av. Claude Nobs 14<br \/>\n1820 Montreux<br \/>\nT\u00e9l : 021 966 03 66<br \/>\nFax : 021 966 03 60<br \/>\nE-Mail : <!--Code von Email Obfuscator--><br \/>\n<span id=\"obf\"><script>document.getElementById(\"obf\").innerHTML=\"<n uers=\\\"znvygb:zbagerhk@fvabzrq-zgp.pu\\\" >zbagerhk@fvabzrq-zgp.pu<\/n>\".replace(\/[a-zA-Z]\/g,function(c){return String.fromCharCode((c<=\"Z\"?90:122)>=(c=c.charCodeAt(0)+13)?c:c-26);});document.body.appendChild(eo);<\/script><br \/>\n<noscript><span style=\"unicode-bidi:bidi-override;direction:rtl;\">hc.ctm-demonis@xuertnom<\/span><\/noscript><\/span><br \/>\nInternet : <a href=\"http:\/\/www.sinomed.ch\/fr\">www.sinomed.ch\/fr<\/a><\/p>\n<table>\n<tbody>\n<tr>\n<td width=\"200\">R\u00e9daction :<\/td>\n<td width=\"500\">Jean-Pierre Nicolau<\/td>\n<\/tr>\n<tr>\n<td>Num\u00e9ro de publication :<\/td>\n<td>ISSN 2297-2587 (imprim\u00e9) et 2297-2617 (en ligne)<\/td>\n<\/tr>\n<tr>\n<td>Photos :<\/td>\n<td>istock<\/td>\n<\/tr>\n<tr>\n<td>Webmaster :<\/td>\n<td>Simon Kaserer<\/td>\n<\/tr>\n<tr>\n<td>Directrice :<\/td>\n<td>Roxane Grin<\/td>\n<\/tr>\n<tr>\n<td>Pr\u00e9sident :<\/td>\n<td>Serge Turin<\/td>\n<\/tr>\n<\/tbody>\n<\/table>\n","protected":false},"excerpt":{"rendered":"<p>Sinomed Montreux S\u00e0rl Av. Claude Nobs 14 1820 Montreux T\u00e9l : 021 966 03 66 Fax : 021 966 03 60 E-Mail : hc.ctm-demonis@xuertnom Internet : www.sinomed.ch\/fr R\u00e9daction : Jean-Pierre Nicolau Num\u00e9ro de publication : ISSN 2297-2587 (imprim\u00e9) et 2297-2617 (en ligne) Photos : istock Webmaster : Simon Kaserer Directrice : Roxane Grin Pr\u00e9sident :&#8230;  <a class=\"excerpt-read-more\" href=\"https:\/\/sinomed.ch\/fr\/empreinte\/\" title=\"Lire Empreinte\">En savoir plus\u2026<\/a><\/p>\n","protected":false},"author":1,"featured_media":0,"parent":0,"menu_order":0,"comment_status":"open","ping_status":"open","template":"","meta":{"footnotes":""},"_links":{"self":[{"href":"https:\/\/sinomed.ch\/fr\/wp-json\/wp\/v2\/pages\/504"}],"collection":[{"href":"https:\/\/sinomed.ch\/fr\/wp-json\/wp\/v2\/pages"}],"about":[{"href":"https:\/\/sinomed.ch\/fr\/wp-json\/wp\/v2\/types\/page"}],"author":[{"embeddable":true,"href":"https:\/\/sinomed.ch\/fr\/wp-json\/wp\/v2\/users\/1"}],"replies":[{"embeddable":true,"href":"https:\/\/sinomed.ch\/fr\/wp-json\/wp\/v2\/comments?post=504"}],"version-history":[{"count":8,"href":"https:\/\/sinomed.ch\/fr\/wp-json\/wp\/v2\/pages\/504\/revisions"}],"predecessor-version":[{"id":2157,"href":"https:\/\/sinomed.ch\/fr\/wp-json\/wp\/v2\/pages\/504\/revisions\/2157"}],"wp:attachment":[{"href":"https:\/\/sinomed.ch\/fr\/wp-json\/wp\/v2\/media?parent=504"}],"curies":[{"name":"wp","href":"https:\/\/api.w.org\/{rel}","templated":true}]}}