{"id":533,"date":"2014-07-29T15:50:38","date_gmt":"2014-07-29T15:50:38","guid":{"rendered":"http:\/\/localhost\/sinomed\/de\/?page_id=533"},"modified":"2023-12-26T15:18:12","modified_gmt":"2023-12-26T15:18:12","slug":"informations-juridiques","status":"publish","type":"page","link":"https:\/\/sinomed.ch\/fr\/informations-juridiques\/","title":{"rendered":"Informations juridiques"},"content":{"rendered":"<h3>Mentions l\u00e9gales et protection des donn\u00e9es<\/h3>\n<p>Toute les indications et conditions s\u2019appliquent pour Sinomed MTC S\u00e0rl.<\/p>\n<p>Les informations fournies sur http:\/\/www.sinomed.ch le sont \u00e0 titre informatif.<br \/>\nSinomed ne saurait garantir l\u2019exactitude, la compl\u00e9tude, l\u2019actualit\u00e9 des informations diffus\u00e9es sur le site. Les informations de ce site peuvent contenir des inexactitudes techniques ou des erreurs typographiques. Ces informations peuvent \u00eatre p\u00e9riodiquement modifi\u00e9es et les modifications seront incorpor\u00e9es dans les nouvelles \u00e9ditions.<\/p>\n<p>Sinomed peut, \u00e0 tout moment, sans pr\u00e9avis, apporter des am\u00e9liorations ou des changements aux produits, aux programmes ou aux services d\u00e9crits sur ce site.<br \/>\nToute reproduction, repr\u00e9sentation, modification, publication, transmission, d\u00e9naturation, totale ou partielle du site ou de son contenu, par quelque proc\u00e9d\u00e9 que ce soit, et sur quelque support que ce soit est interdite. Toute exploitation non autoris\u00e9e du site ou de son contenu, des informations qui y sont divulgu\u00e9es engagerait la responsabilit\u00e9 de l\u2019utilisateur et constituerait une contrefa\u00e7on sanctionn\u00e9e par les articles L 335-2 et suivants du Code de la Propri\u00e9t\u00e9 Intellectuelle.<\/p>\n<p>Il en est de m\u00eame des bases de donn\u00e9es figurant, le cas \u00e9ch\u00e9ant, sur le site http:\/\/www.sinomed.ch qui sont prot\u00e9g\u00e9es par les dispositions de la loi du 1er juillet 1998 portant transposition dans le Code de la Propri\u00e9t\u00e9 Intellectuelle de la Directive Europ\u00e9enne du 11 mars 1996 relative \u00e0 la protection juridique des bases de donn\u00e9es. A ce titre, toute reproduction ou extraction engagerait la responsabilit\u00e9 de l\u2019utilisateur.<br \/>\nLe site http:\/\/www.sinomed.ch donne acc\u00e8s \u00e0 d\u2019autres sites via des liens hypertextes. Sinomed n\u2019\u00e9tant pas le gestionnaire de ces sites, il ne peut en contr\u00f4ler le contenu. En cons\u00e9quence, Sinomed ne pourra en aucun cas \u00eatre tenu pour responsable du contenu des sites ainsi accessibles, ou des \u00e9ventuelles collectes et transmission de donn\u00e9es personnelles, installation de cookies ou tout autre proc\u00e9d\u00e9 tendant aux m\u00eames fins, effectu\u00e9s par ces sites.<\/p>\n<p style=\"text-align: right;\"><a class=\"iubenda-white iubenda-embed \" title=\"vie priv\u00e9e\" href=\"https:\/\/www.iubenda.com\/privacy-policy\/58314643\">vie priv\u00e9e<\/a> <script type=\"text\/javascript\">(function (w,d) {var loader = function () {var s = d.createElement(\"script\"), tag = d.getElementsByTagName(\"script\")[0]; s.src=\"https:\/\/cdn.iubenda.com\/iubenda.js\"; tag.parentNode.insertBefore(s,tag);}; if(w.addEventListener){w.addEventListener(\"load\", loader, false);}else if(w.attachEvent){w.attachEvent(\"onload\", loader);}else{w.onload = loader;}})(window, document);<\/script><\/p>\n","protected":false},"excerpt":{"rendered":"<p>Mentions l\u00e9gales et protection des donn\u00e9es Toute les indications et conditions s\u2019appliquent pour Sinomed MTC S\u00e0rl. Les informations fournies sur http:\/\/www.sinomed.ch le sont \u00e0 titre informatif. Sinomed ne saurait garantir l\u2019exactitude, la compl\u00e9tude, l\u2019actualit\u00e9 des informations diffus\u00e9es sur le site. Les informations de ce site peuvent contenir des inexactitudes techniques ou des erreurs typographiques. Ces&#8230;  <a class=\"excerpt-read-more\" href=\"https:\/\/sinomed.ch\/fr\/informations-juridiques\/\" title=\"Lire Informations juridiques\">En savoir plus\u2026<\/a><\/p>\n","protected":false},"author":1,"featured_media":0,"parent":0,"menu_order":0,"comment_status":"open","ping_status":"open","template":"","meta":{"footnotes":""},"_links":{"self":[{"href":"https:\/\/sinomed.ch\/fr\/wp-json\/wp\/v2\/pages\/533"}],"collection":[{"href":"https:\/\/sinomed.ch\/fr\/wp-json\/wp\/v2\/pages"}],"about":[{"href":"https:\/\/sinomed.ch\/fr\/wp-json\/wp\/v2\/types\/page"}],"author":[{"embeddable":true,"href":"https:\/\/sinomed.ch\/fr\/wp-json\/wp\/v2\/users\/1"}],"replies":[{"embeddable":true,"href":"https:\/\/sinomed.ch\/fr\/wp-json\/wp\/v2\/comments?post=533"}],"version-history":[{"count":15,"href":"https:\/\/sinomed.ch\/fr\/wp-json\/wp\/v2\/pages\/533\/revisions"}],"predecessor-version":[{"id":2363,"href":"https:\/\/sinomed.ch\/fr\/wp-json\/wp\/v2\/pages\/533\/revisions\/2363"}],"wp:attachment":[{"href":"https:\/\/sinomed.ch\/fr\/wp-json\/wp\/v2\/media?parent=533"}],"curies":[{"name":"wp","href":"https:\/\/api.w.org\/{rel}","templated":true}]}}