{"id":570,"date":"2014-08-02T07:21:14","date_gmt":"2014-08-02T07:21:14","guid":{"rendered":"http:\/\/localhost\/sinomed\/de\/?page_id=570"},"modified":"2019-12-13T08:28:19","modified_gmt":"2019-12-13T08:28:19","slug":"organisations-et-qualite","status":"publish","type":"page","link":"https:\/\/sinomed.ch\/fr\/informations-pratiques\/organisations-et-qualite\/","title":{"rendered":"Organisations et qualit\u00e9"},"content":{"rendered":"<p>Sinomed groupe exploite en Suisse Romande (Montreuxet Nyon) et en Suisse Al\u00e9manique (Kloten, Schaffhouse, Winterthur, Z\u00fcrich et Weinfelden) des centres de m\u00e9decine chinoise.<\/p>\n<p>Nous avons plus de 20 ans d\u2019exp\u00e9rience dans la gestion et l\u2019organisation de centres sp\u00e9cialis\u00e9s en MTC. Tous nos m\u00e9decins chinois ont plus de 15 ans d&rsquo;exp\u00e9rience professionnelle, et tout autant avec une patient\u00e8le suisse.<\/p>\n<p>Nos th\u00e9rapeutes chinois sont membres des associations\u00a0 ASCA , RME, et APTN (Fondation suisse pour la m\u00e9decine compl\u00e9mentaire). Dans le cadre de ces associations, nos th\u00e9rapeutes chinois sont tenus de suivre r\u00e9guli\u00e8rement une formation continue.<\/p>\n<p>Lien\u00a0:<br \/>\n<a href=\"http:\/\/www.sbo-tcm.ch\" target=\"_blank\" rel=\"noopener noreferrer\">www.aptn.ch<\/a><br \/>\n<a href=\"http:\/\/www.asca.ch\" target=\"_blank\" rel=\"noopener noreferrer\">www.asca.ch<\/a><br \/>\n<a href=\"http:\/\/www.rme.ch\" target=\"_blank\" rel=\"noopener noreferrer\">www.rme.ch<\/a><\/p>\n<p>M. Han\u00a0 parle le fran\u00e7ais ; M. Tang est accompagn\u00e9 par Mme Li Xin et par\u00a0 qui assure une excellente communication entre le patient et le sp\u00e9cialiste ; elle a aussi une excellente connaissance de la terminologie m\u00e9dicale.<\/p>\n","protected":false},"excerpt":{"rendered":"<p>Sinomed groupe exploite en Suisse Romande (Montreuxet Nyon) et en Suisse Al\u00e9manique (Kloten, Schaffhouse, Winterthur, Z\u00fcrich et Weinfelden) des centres de m\u00e9decine chinoise. Nous avons plus de 20 ans d\u2019exp\u00e9rience dans la gestion et l\u2019organisation de centres sp\u00e9cialis\u00e9s en MTC. Tous nos m\u00e9decins chinois ont plus de 15 ans d&rsquo;exp\u00e9rience professionnelle, et tout autant avec&#8230;  <a class=\"excerpt-read-more\" href=\"https:\/\/sinomed.ch\/fr\/informations-pratiques\/organisations-et-qualite\/\" title=\"Lire Organisations et qualit\u00e9\">En savoir plus\u2026<\/a><\/p>\n","protected":false},"author":1,"featured_media":0,"parent":48,"menu_order":0,"comment_status":"open","ping_status":"open","template":"","meta":{"footnotes":""},"_links":{"self":[{"href":"https:\/\/sinomed.ch\/fr\/wp-json\/wp\/v2\/pages\/570"}],"collection":[{"href":"https:\/\/sinomed.ch\/fr\/wp-json\/wp\/v2\/pages"}],"about":[{"href":"https:\/\/sinomed.ch\/fr\/wp-json\/wp\/v2\/types\/page"}],"author":[{"embeddable":true,"href":"https:\/\/sinomed.ch\/fr\/wp-json\/wp\/v2\/users\/1"}],"replies":[{"embeddable":true,"href":"https:\/\/sinomed.ch\/fr\/wp-json\/wp\/v2\/comments?post=570"}],"version-history":[{"count":1,"href":"https:\/\/sinomed.ch\/fr\/wp-json\/wp\/v2\/pages\/570\/revisions"}],"predecessor-version":[{"id":2271,"href":"https:\/\/sinomed.ch\/fr\/wp-json\/wp\/v2\/pages\/570\/revisions\/2271"}],"up":[{"embeddable":true,"href":"https:\/\/sinomed.ch\/fr\/wp-json\/wp\/v2\/pages\/48"}],"wp:attachment":[{"href":"https:\/\/sinomed.ch\/fr\/wp-json\/wp\/v2\/media?parent=570"}],"curies":[{"name":"wp","href":"https:\/\/api.w.org\/{rel}","templated":true}]}}