{"id":578,"date":"2014-08-02T07:38:09","date_gmt":"2014-08-02T07:38:09","guid":{"rendered":"http:\/\/localhost\/sinomed\/de\/?page_id=578"},"modified":"2014-12-04T11:14:35","modified_gmt":"2014-12-04T11:14:35","slug":"complemedis","status":"publish","type":"page","link":"https:\/\/sinomed.ch\/fr\/informations-pratiques\/complemedis\/","title":{"rendered":"Complemedis"},"content":{"rendered":"<h5 class=\"after-h1\">Notre partenaire pour la phytoth\u00e9rapie chinoise\u2026<\/h5>\n<p><img loading=\"lazy\" decoding=\"async\" style=\"margin-bottom:2em;\" class=\"alignleft wp-image-594 size-full\" src=\"https:\/\/sinomed.ch\/fr\/wp-content\/uploads\/2014\/08\/Complemendis2.jpg\" alt=\"Complemendis2\" width=\"250\" height=\"477\" srcset=\"https:\/\/sinomed.ch\/fr\/wp-content\/uploads\/2014\/08\/Complemendis2.jpg 250w, https:\/\/sinomed.ch\/fr\/wp-content\/uploads\/2014\/08\/Complemendis2-157x300.jpg 157w\" sizes=\"(max-width: 250px) 100vw, 250px\" \/>Complemedis ach\u00e8te, analyse et \u00e9tudie des rem\u00e8des de m\u00e9decine traditionnelle chinoise. Complemedis ach\u00e8te pour les patients Sinomed la meilleure qualit\u00e9 existante sur le march\u00e9\u00a0: plus de 1000 plantes composent la gamme Complemedis. Toutes les plantes sont test\u00e9es en Suisse d\u2019apr\u00e8s des crit\u00e8res tr\u00e8s stricts afin de contr\u00f4ler la puret\u00e9 et les propri\u00e9t\u00e9s.<\/p>\n<p>La gamme comprend, des herbes brutes, des pommades, des cr\u00e8mes et des lotions. Toutes les herbes peuvent \u00eatre conditionn\u00e9es sous forme de comprim\u00e9s, Les plantes proviennent de Chine, de Taiwan ou d\u2019Europe.<\/p>\n<p>En Asie, il y a environ 30&rsquo;000 esp\u00e8ces diff\u00e9rentes de plantes. Parmi celles-ci, 13&rsquo;000 ont \u00e9t\u00e9 r\u00e9pertori\u00e9es pour un usage m\u00e9dical. Dans la pratique quotidienne de la m\u00e9decine traditionnelle chinoise ont utilise environ 150 \u00e0 250 plantes.<\/p>\n<p>En fonction du diagnostic de son patient, le m\u00e9decin chinois prescrit une pr\u00e9paration magistrale, que le patient recevra directement \u00e0 son domicile par poste. Ces m\u00e9dicaments font partie int\u00e9grante de votre traitement en MTC. Il est tr\u00e8s important que vous les preniez selon les recommandations du th\u00e9rapeute.<\/p>\n<p>Les m\u00e9dicaments chinois sont pris en charge partiellement\u00a0\u00a0 soit par votre assurance compl\u00e9mentaire pour les m\u00e9decines alternatives, au m\u00eame titre que les traitements en MTC ou soit par une assurance compl\u00e9mentaire pour les m\u00e9dicaments hors liste. Cela d\u00e9pend de chaque caisse maladie.<\/p>\n<p><a href=\"http:\/\/www.complemedis.ch\" target=\"_blank\">www.complemedis.ch <\/a><\/p>\n","protected":false},"excerpt":{"rendered":"<p>Notre partenaire pour la phytoth\u00e9rapie chinoise\u2026 Complemedis ach\u00e8te, analyse et \u00e9tudie des rem\u00e8des de m\u00e9decine traditionnelle chinoise. Complemedis ach\u00e8te pour les patients Sinomed la meilleure qualit\u00e9 existante sur le march\u00e9\u00a0: plus de 1000 plantes composent la gamme Complemedis. Toutes les plantes sont test\u00e9es en Suisse d\u2019apr\u00e8s des crit\u00e8res tr\u00e8s stricts afin de contr\u00f4ler la puret\u00e9&#8230;  <a class=\"excerpt-read-more\" href=\"https:\/\/sinomed.ch\/fr\/informations-pratiques\/complemedis\/\" title=\"Lire Complemedis\">En savoir plus\u2026<\/a><\/p>\n","protected":false},"author":1,"featured_media":0,"parent":48,"menu_order":0,"comment_status":"open","ping_status":"open","template":"","meta":{"footnotes":""},"_links":{"self":[{"href":"https:\/\/sinomed.ch\/fr\/wp-json\/wp\/v2\/pages\/578"}],"collection":[{"href":"https:\/\/sinomed.ch\/fr\/wp-json\/wp\/v2\/pages"}],"about":[{"href":"https:\/\/sinomed.ch\/fr\/wp-json\/wp\/v2\/types\/page"}],"author":[{"embeddable":true,"href":"https:\/\/sinomed.ch\/fr\/wp-json\/wp\/v2\/users\/1"}],"replies":[{"embeddable":true,"href":"https:\/\/sinomed.ch\/fr\/wp-json\/wp\/v2\/comments?post=578"}],"version-history":[{"count":1,"href":"https:\/\/sinomed.ch\/fr\/wp-json\/wp\/v2\/pages\/578\/revisions"}],"predecessor-version":[{"id":1733,"href":"https:\/\/sinomed.ch\/fr\/wp-json\/wp\/v2\/pages\/578\/revisions\/1733"}],"up":[{"embeddable":true,"href":"https:\/\/sinomed.ch\/fr\/wp-json\/wp\/v2\/pages\/48"}],"wp:attachment":[{"href":"https:\/\/sinomed.ch\/fr\/wp-json\/wp\/v2\/media?parent=578"}],"curies":[{"name":"wp","href":"https:\/\/api.w.org\/{rel}","templated":true}]}}