{"id":621,"date":"2014-08-02T10:55:24","date_gmt":"2014-08-02T10:55:24","guid":{"rendered":"http:\/\/localhost\/sinomed\/de\/?page_id=621"},"modified":"2019-07-16T15:00:17","modified_gmt":"2019-07-16T15:00:17","slug":"team-montreux","status":"publish","type":"page","link":"https:\/\/sinomed.ch\/fr\/contact\/montreux\/team-montreux\/","title":{"rendered":"Team Montreux"},"content":{"rendered":"<p class=\"after-h1\"><a href=\"https:\/\/sinomed.ch\/fr\/contact\/montreux\/cabinet-medical-montreux\/\">Cabinet m\u00e9dical<\/a> \/ <a href=\"https:\/\/sinomed.ch\/fr\/contact\/montreux\/sy-rendre-montreux\/\">S\u2019y rendre<\/a><\/p>\n<div class=\"d-row cf\">\n<div class=\"d-1of4\"><\/div>\n<\/div>\n<div class=\"d-row cf\">\n<div class=\"d-1of4\"><img loading=\"lazy\" decoding=\"async\" class=\"alignnone size-full wp-image-1457\" src=\"https:\/\/sinomed.ch\/fr\/wp-content\/uploads\/2014\/08\/Tang-Xianlu.jpg\" alt=\"Tang Xianlu\" width=\"133\" height=\"130\" \/><\/div>\n<div class=\"d-3of4 last-col\">\n<h3>Monsieur Xianlu Tang<\/h3>\n<p>Th\u00e9rapeute en MTC<\/p>\n<p style=\"margin-bottom: 0;\"><strong>Formation<\/strong><\/p>\n<table border=\"0\" cellspacing=\"0\" cellpadding=\"0\">\n<tbody>\n<tr>\n<td width=\"110\">1992 &#8211; 1997<\/td>\n<td>Dipl\u00f4me en M\u00e9decine MTC, Universit\u00e9 de M\u00e9decine Traditionelle Chinoise de Chengdu, Chine<\/td>\n<\/tr>\n<tr>\n<td>1999<\/td>\n<td>Formation continue, M\u00e9decine g\u00e9n\u00e9rale, Centre m\u00e9dical de Panzhihua, Province de Sichuan, Chine<\/td>\n<\/tr>\n<tr>\n<td>2000 &#8211; 2001<\/td>\n<td>Formation continue, Acupuncture et massage Tuina, Universit\u00e9 de M\u00e9decine Traditionnelle Chinoise de Chengdu, Chine<\/td>\n<\/tr>\n<\/tbody>\n<\/table>\n<p style=\"margin-bottom: 0;\"><strong>Exp\u00e9riences professionnelles<\/strong><\/p>\n<table border=\"0\" cellspacing=\"0\" cellpadding=\"0\">\n<tbody>\n<tr>\n<td width=\"110\">1997 &#8211; 2009<\/td>\n<td>M\u00e9decin MTC, Steel General Hospital de Panzhihua, Province de Sichuan, Chine<\/td>\n<\/tr>\n<tr>\n<td>2010 &#8211; 2018<\/td>\n<td>Th\u00e9rapeute en MTC, Sinomed Centre de M\u00e9decine Chinoise, Lausanne, Montreux et Nyon<\/td>\n<\/tr>\n<tr>\n<td>D\u00e8s 2019<\/td>\n<td>Th\u00e9rapeute en MTC, ind\u00e9pendant\u00a0 &#8211;\u00a0 Sinomed MTC S\u00e0rl<\/td>\n<\/tr>\n<\/tbody>\n<\/table>\n<p><strong>Accr\u00e9ditations<\/strong><\/p>\n<ul>\n<li>RME \/ASCA \/ APTN\u00a0 N\u00b0 RCC F 872261<\/li>\n<\/ul>\n<\/div>\n<\/div>\n<div class=\"d-row cf\">\n<div class=\"d-1of4\"><\/div>\n<\/div>\n<div class=\"d-row cf\">\n<div class=\"d-1of4\"><img loading=\"lazy\" decoding=\"async\" class=\"alignnone size-full wp-image-1459\" src=\"https:\/\/sinomed.ch\/fr\/wp-content\/uploads\/2014\/08\/LI-Xin.jpg\" alt=\"LI Xin\" width=\"133\" height=\"130\" \/><\/div>\n<div class=\"d-3of4 last-col\">\n<h3>Xin Li<\/h3>\n<p>Responsable administrative et interpr\u00e8te<\/p>\n<\/div>\n<\/div>\n<div class=\"d-row cf\">\n<div class=\"d-1of4\"><\/div>\n<\/div>\n","protected":false},"excerpt":{"rendered":"<p>Cabinet m\u00e9dical \/ S\u2019y rendre Monsieur Xianlu Tang Th\u00e9rapeute en MTC Formation 1992 &#8211; 1997 Dipl\u00f4me en M\u00e9decine MTC, Universit\u00e9 de M\u00e9decine Traditionelle Chinoise de Chengdu, Chine 1999 Formation continue, M\u00e9decine g\u00e9n\u00e9rale, Centre m\u00e9dical de Panzhihua, Province de Sichuan, Chine 2000 &#8211; 2001 Formation continue, Acupuncture et massage Tuina, Universit\u00e9 de M\u00e9decine Traditionnelle Chinoise de&#8230;  <a class=\"excerpt-read-more\" href=\"https:\/\/sinomed.ch\/fr\/contact\/montreux\/team-montreux\/\" title=\"Lire Team Montreux\">En savoir plus\u2026<\/a><\/p>\n","protected":false},"author":1,"featured_media":0,"parent":19,"menu_order":0,"comment_status":"open","ping_status":"open","template":"","meta":{"footnotes":""},"_links":{"self":[{"href":"https:\/\/sinomed.ch\/fr\/wp-json\/wp\/v2\/pages\/621"}],"collection":[{"href":"https:\/\/sinomed.ch\/fr\/wp-json\/wp\/v2\/pages"}],"about":[{"href":"https:\/\/sinomed.ch\/fr\/wp-json\/wp\/v2\/types\/page"}],"author":[{"embeddable":true,"href":"https:\/\/sinomed.ch\/fr\/wp-json\/wp\/v2\/users\/1"}],"replies":[{"embeddable":true,"href":"https:\/\/sinomed.ch\/fr\/wp-json\/wp\/v2\/comments?post=621"}],"version-history":[{"count":18,"href":"https:\/\/sinomed.ch\/fr\/wp-json\/wp\/v2\/pages\/621\/revisions"}],"predecessor-version":[{"id":2239,"href":"https:\/\/sinomed.ch\/fr\/wp-json\/wp\/v2\/pages\/621\/revisions\/2239"}],"up":[{"embeddable":true,"href":"https:\/\/sinomed.ch\/fr\/wp-json\/wp\/v2\/pages\/19"}],"wp:attachment":[{"href":"https:\/\/sinomed.ch\/fr\/wp-json\/wp\/v2\/media?parent=621"}],"curies":[{"name":"wp","href":"https:\/\/api.w.org\/{rel}","templated":true}]}}