{"id":629,"date":"2014-08-02T10:58:31","date_gmt":"2014-08-02T10:58:31","guid":{"rendered":"http:\/\/localhost\/sinomed\/de\/?page_id=629"},"modified":"2014-12-08T01:16:58","modified_gmt":"2014-12-08T01:16:58","slug":"sy-rendre-montreux","status":"publish","type":"page","link":"https:\/\/sinomed.ch\/fr\/contact\/montreux\/sy-rendre-montreux\/","title":{"rendered":"S\u2019y rendre Montreux"},"content":{"rendered":"<p class=\"after-h1\"><a href=\"https:\/\/sinomed.ch\/fr\/contact\/montreux\/cabinet-medical-montreux\/\">Cabinet m\u00e9dical<\/a> \/ <a href=\"https:\/\/sinomed.ch\/fr\/contact\/montreux\/team-montreux\/\">Team<\/a><\/p>\n<p><strong>Sinomed Montreux<\/strong><br \/>\nCentre de M\u00e9decine Traditionnelle Chinoise<\/p>\n<p>Av. Claude Nobs 14<br \/>\n1820 Montreux<\/p>\n<p><iframe loading=\"lazy\" src=\"https:\/\/www.google.com\/maps\/embed?pb=!1m14!1m8!1m3!1d5498.774128576169!2d6.903298033021274!3d46.441027173492444!3m2!1i1024!2i768!4f13.1!3m3!1m2!1s0x478e9b168c7d5f0d%3A0x9543fcbad4914a42!2sSinomed+Montreux!5e0!3m2!1sfr!2sch!4v1418001366747\" width=\"714\" height=\"440\" frameborder=\"0\" style=\"border:0\"><\/iframe><\/p>\n<p style=\"margin-top: 2em;\"><strong>CFF<\/strong><\/p>\n<div class=\"sbb\" style=\"width: 340px; margin: 0px; padding: 0px; text-align: right; background-color:#FFFFFF;\">\n<img loading=\"lazy\" decoding=\"async\" src=\"http:\/\/fahrplan.sbb.ch\/img\/ig-sbblogo.gif\" width=\"136\" height=\"22\" alt=\"SBB|CFF|FFS\" \/><\/p>\n<h1 style=\"width:340px; background-color:#DDDDDD; color: #000000; font-family: Arial, Helvetica, sans-serif; font-size:12px; font-weight: bold; padding: 2px 0px; margin: 0; height: 15px; text-align: left;clear:both;\"> Horaire<\/h1>\n<div style=\"width: 100%; background-color: #F8F8F8; margin: 0; padding: 0px;\" summary=\"Layout\">\n<form action=\"http:\/\/fahrplan.sbb.ch\/bin\/query.exe\/fn?externalCall=yes&#038;DCSext.wt_fp_request=partner_standard\" name=\"formular\" method=\"post\" style=\"display:inline\" target=\"_blank\">\n<input type=\"hidden\" name=\"queryPageDisplayed\" value=\"yes\"><\/p>\n<table cellspacing=\"0\" cellpadding=\"4\" style=\"width: 330px; margin: 4px;\" class=\"ig\">\n<tr>\n<td style=\"font-family:Arial, Helvetica, sans-serif; font-size:12px; text-align:left; vertical-align:middle; padding:2px 3px 2px 0px;\"><select name=\"REQ0JourneyStopsSA\" style=\"background-color:#fff; border: 1px solid #7F9DB9; color: #000; width: 108px;\"><option selected=\"selected\" value=\"7\">De:<\/option><option  value=\"1\">Gare\/Arr\u00eat<\/option><option  value=\"2\">Lieu, rue, num\u00e9ro<\/option><option  value=\"4\">Tourisme<\/option><\/select><\/td>\n<td style=\"font-family:Arial, Helvetica, sans-serif; font-size:12px; text-align:left; vertical-align:middle; padding:2px 3px 2px 0px;\" colspan=\"2\"><input type=\"text\" name=\"REQ0JourneyStopsSG\" value=\"\" size=\"16\" style=\"width:215px;background-color:#fff; border: 1px solid #7F9DB9; color: #000; \" accesskey=\"f\" tabindex=\"1\"><input type=\"hidden\" name=\"REQ0JourneyStopsSID\"><\/td>\n<\/tr>\n<tr>\n<th nowrap=\"nowrap\" style=\"font-family:Arial, Helvetica, sans-serif; font-size:12px; text-align:left; vertical-align:middle; font-weight:bold; width: 55px;\">\n \u00c0:\n<\/th>\n<td style=\"font-family:Arial, Helvetica, sans-serif; font-size:12px; text-align:left; vertical-align:middle; padding:2px 3px 2px 0px;\" colspan=\"2\">\n<input type=\"hidden\" name=\"REQ0JourneyStopsZID\" value=\"A=1@O=Montreux, gare@X=6910070@Y=46435820@U=85@L=8593929@B=1@p=1415600851@\"><span style=\"font-weight:bold;\">Montreux, gare<\/span>\n<\/td>\n<\/tr>\n<tr>\n<th nowrap=\"nowrap\" style=\"font-family:Arial, Helvetica, sans-serif; font-size:12px; text-align:left; vertical-align:middle; font-weight:bold; width: 55px;\">\n Date:\n<\/th>\n<td nowrap=\"nowrap\" style=\"font-family:Arial, Helvetica, sans-serif; font-size:12px; text-align:left; vertical-align:middle; padding:2px 3px 2px 0px;\">\n<input style=\"width:85px;border:solid 1px #7E9EB9;\" type=\"text\" name=\"REQ0JourneyDate\" maxlength=\"14\" value=\"11.11.14\" accesskey=\"d\" tabindex=\"3\">\n<\/td>\n<\/tr>\n<tr>\n<th nowrap=\"nowrap\" style=\"font-family:Arial, Helvetica, sans-serif; font-size:12px; text-align:left; vertical-align:middle; font-weight:bold; width: 55px;\">\n Heure:\n<\/th>\n<td nowrap=\"nowrap\" style=\"font-family:Arial, Helvetica, sans-serif; font-size:12px; text-align:left; vertical-align:middle; padding:2px 3px 2px 0px;\">\n<input type=\"text\" name=\"REQ0JourneyTime\" value=\"12:15\" size=\"5\" maxlength=\"5\" style=\"border:solid 1px #7E9EB9;\" accesskey=\"c\" tabindex=\"4\">\n<\/td>\n<td nowrap=\"nowrap\" style=\"font-family:Arial, Helvetica, sans-serif; font-size:12px; text-align:left; vertical-align:middle; padding:2px 3px 2px 0px;\">\n<input class=\"radio\" type=\"radio\" name=\"REQ0HafasSearchForw\" value=\"1\"  checked style=\"margin-right:3px;\">D\u00e9part<br \/>\n<input class=\"radio\" type=\"radio\" name=\"REQ0HafasSearchForw\" value=\"0\"   style=\"margin-right:3px;\">Arriv\u00e9e\n<\/td>\n<\/tr>\n<tr>\n<td> <\/td>\n<td colspan=\"2\" style=\"text-align:left;\">\n<input type=\"hidden\" name=\"start\" value=\"Rechercher\"><br \/>\n<input type=\"submit\" name=\"start\" value=\"Rechercher\" tabindex=\"5\" style=\"font-family:Arial, Helvetica, sans-serif; font-size:12px; text-align:center; width:175px; vertical-align: middle; cursor:pointer; -moz-border-radius: 3px 3px 3px 3px; background-color:#EE0000; border:1px solid #B20000; color:#FFFFFF; font-weight:bold; height:auto; line-height:20px; padding:0px 10px; text-decoration:none; white-space:nowrap;\">\n<\/td>\n<\/tr>\n<tr>\n<td> <\/td>\n<td colspan=\"2\" style=\"text-align:left;\">\n<a style=\"font-family:Arial,Helvetica,sans-serif; font-size:12px;  margin-top:4px; color: #6B7786; text-decoration:none; display:block;\" href=\"http:\/\/www.cff.ch\/166\" target=\"_blank\" title=\"Derni\u00e8res informations sur les gr\u00e8ves \/ majeures interruptions du trafic ferroviaire.\"><img decoding=\"async\" src=\"http:\/\/fahrplan.sbb.ch\/img\/one\/icon_arrow_right.png\" alt=\"\" style=\"vertical-align:top; padding-right:2px; border:none;\" \/>Informations sur le trafic<\/a>\n<\/td>\n<\/tr>\n<\/table>\n<\/form>\n<\/div>\n<\/div>\n<p><script language=\"JavaScript1.2\" type=\"text\/javascript\">\n\/* <![CDATA[ *\/\nvar time=new Date();\nvar hour = time.getHours(); hour=(hour<10)? '0'+hour:hour;\nvar minute = time.getMinutes();minute=(minute<10)? '0'+minute:minute;\nvar travelTime = hour+':'+minute;\ndocument.formular.REQ0JourneyTime.value=travelTime;\nvar yy = time.getFullYear();\nvar mm = time.getMonth()+1; mm=(mm<10)?'0'+mm:mm;\nvar dd = time.getDate(); dd=(dd<10)?'0'+dd:dd;\nvar travelDate=dd+\".\"+mm+\".\"+yy;\ndocument.formular.REQ0JourneyDate.value=travelDate;\n\/\/ \/* ]]> *\/\n<\/script><\/p>\n","protected":false},"excerpt":{"rendered":"<p>Cabinet m\u00e9dical \/ Team Sinomed Montreux Centre de M\u00e9decine Traditionnelle Chinoise Av. Claude Nobs 14 1820 Montreux CFF Horaire De:Gare\/Arr\u00eatLieu, rue, num\u00e9roTourisme \u00c0: Montreux, gare Date: Heure: D\u00e9part Arriv\u00e9e Informations sur le trafic<\/p>\n","protected":false},"author":1,"featured_media":0,"parent":19,"menu_order":0,"comment_status":"open","ping_status":"open","template":"","meta":{"footnotes":""},"_links":{"self":[{"href":"https:\/\/sinomed.ch\/fr\/wp-json\/wp\/v2\/pages\/629"}],"collection":[{"href":"https:\/\/sinomed.ch\/fr\/wp-json\/wp\/v2\/pages"}],"about":[{"href":"https:\/\/sinomed.ch\/fr\/wp-json\/wp\/v2\/types\/page"}],"author":[{"embeddable":true,"href":"https:\/\/sinomed.ch\/fr\/wp-json\/wp\/v2\/users\/1"}],"replies":[{"embeddable":true,"href":"https:\/\/sinomed.ch\/fr\/wp-json\/wp\/v2\/comments?post=629"}],"version-history":[{"count":2,"href":"https:\/\/sinomed.ch\/fr\/wp-json\/wp\/v2\/pages\/629\/revisions"}],"predecessor-version":[{"id":1739,"href":"https:\/\/sinomed.ch\/fr\/wp-json\/wp\/v2\/pages\/629\/revisions\/1739"}],"up":[{"embeddable":true,"href":"https:\/\/sinomed.ch\/fr\/wp-json\/wp\/v2\/pages\/19"}],"wp:attachment":[{"href":"https:\/\/sinomed.ch\/fr\/wp-json\/wp\/v2\/media?parent=629"}],"curies":[{"name":"wp","href":"https:\/\/api.w.org\/{rel}","templated":true}]}}