{"id":64,"date":"2014-04-11T00:43:10","date_gmt":"2014-04-11T00:43:10","guid":{"rendered":"http:\/\/localhost\/sinomed\/de\/?page_id=64"},"modified":"2014-12-11T09:01:25","modified_gmt":"2014-12-11T09:01:25","slug":"acupuncture","status":"publish","type":"page","link":"https:\/\/sinomed.ch\/fr\/medecine-traditionnelle-chinoise\/methodes-de-traitement\/acupuncture\/","title":{"rendered":"Acupuncture"},"content":{"rendered":"<img loading=\"lazy\" decoding=\"async\" class=\"alignleft size-full wp-image-413\" src=\"https:\/\/sinomed.ch\/fr\/wp-content\/uploads\/2014\/04\/Nadel_Hand_Akupunktur.jpg\" alt=\"Acupuncture\" width=\"200\" height=\"300\" \/>\n<p>Il existe plusieurs moyens en m\u00e9decine traditionnelle chinoise pour aborder un probl\u00e8me de sant\u00e9, l\u2019acuponcture est la forme la plus connue en Europe.<\/p>\n<p>On utilise des aiguilles (\u00e0 usage unique) pour disperser le Qi (\u00e9nergie). En plantant ces aiguilles sur des points sp\u00e9cifiques, l\u2019acupuncteur harmonise le flux du Qi ainsi que notre \u00e9quilibre Yin-Yang. Tr\u00e8s souvent, l\u2019acuponcture est combin\u00e9e avec la phytoth\u00e9rapie ou des massages afin d\u2019optimiser le r\u00e9sultat de la th\u00e9rapie.<\/p>\n<p style=\"margin-bottom: 24px;\">Une s\u00e9rie de 6 \u00e0 8 s\u00e9ances env. d\u2019acupuncture seule ou combin\u00e9e est recommand\u00e9e afin d\u2019\u00e9tablir un \u00e9quilibre naturel du corps. Selon l\u2019exp\u00e9rience v\u00e9cue, apr\u00e8s une s\u00e9ance d\u2019acuponcture, les sympt\u00f4mes de la maladie peuvent s\u2019accentuer. Une sensation de picotement durant une demi-heure est tout \u00e0 fait normale ainsi qu\u2019une l\u00e9g\u00e8re fatigue, cela prouve \u00e9galement l\u2019efficacit\u00e9 de la th\u00e9rapie. Chaque individu r\u00e9agissant diff\u00e9remment au traitement, il est bien entendu impossible de g\u00e9n\u00e9raliser. Il est conseill\u00e9 de manger quelque chose avant les s\u00e9ances d\u2019acuponcture.<\/p>\n<p><strong>Lors d\u2019une s\u00e9ance d\u2019acuponcture le th\u00e9rapeute peut utiliser divers th\u00e9rapies suppl\u00e9mentaires, telles que<\/strong>\u00a0:<\/p>\n<ul>\n<li><strong>Le marteau r\u00e9flexe<\/strong> est utilis\u00e9 pour stimuler les points d\u2019acuponcture.<\/li>\n<li><strong>L\u2019auriculoth\u00e9rapie<\/strong> est l\u2019utilisation des points d\u2019acuponcture sur le lobe de l\u2019oreille, ce dernier refl\u00e9tant l\u2019entier du corps humain.<\/li>\n<li><strong>La stimulation \u00e9lectrique<\/strong> est l\u2019utilisation d\u2019appareils permettant de faire vibrer les aiguilles sur les points d\u2019acuponcture, acc\u00e9l\u00e9rant ainsi le r\u00e9sultat d\u00e9sir\u00e9.<\/li>\n<li><strong>La th\u00e9rapie par la chaleur<\/strong> est l\u2019utilisation d\u2019une lampe chauffante munie d\u2019une plaque contenant diff\u00e9rents min\u00e9raux qui accentue l\u2019effet des aiguilles.<\/li>\n<\/ul>\n","protected":false},"excerpt":{"rendered":"<p>Il existe plusieurs moyens en m\u00e9decine traditionnelle chinoise pour aborder un probl\u00e8me de sant\u00e9, l\u2019acuponcture est la forme la plus connue en Europe. On utilise des aiguilles (\u00e0 usage unique) pour disperser le Qi (\u00e9nergie). En plantant ces aiguilles sur des points sp\u00e9cifiques, l\u2019acupuncteur harmonise le flux du Qi ainsi que notre \u00e9quilibre Yin-Yang. Tr\u00e8s&#8230;  <a class=\"excerpt-read-more\" href=\"https:\/\/sinomed.ch\/fr\/medecine-traditionnelle-chinoise\/methodes-de-traitement\/acupuncture\/\" title=\"Lire Acupuncture\">En savoir plus\u2026<\/a><\/p>\n","protected":false},"author":1,"featured_media":0,"parent":63,"menu_order":0,"comment_status":"open","ping_status":"open","template":"","meta":{"footnotes":""},"_links":{"self":[{"href":"https:\/\/sinomed.ch\/fr\/wp-json\/wp\/v2\/pages\/64"}],"collection":[{"href":"https:\/\/sinomed.ch\/fr\/wp-json\/wp\/v2\/pages"}],"about":[{"href":"https:\/\/sinomed.ch\/fr\/wp-json\/wp\/v2\/types\/page"}],"author":[{"embeddable":true,"href":"https:\/\/sinomed.ch\/fr\/wp-json\/wp\/v2\/users\/1"}],"replies":[{"embeddable":true,"href":"https:\/\/sinomed.ch\/fr\/wp-json\/wp\/v2\/comments?post=64"}],"version-history":[{"count":1,"href":"https:\/\/sinomed.ch\/fr\/wp-json\/wp\/v2\/pages\/64\/revisions"}],"predecessor-version":[{"id":1759,"href":"https:\/\/sinomed.ch\/fr\/wp-json\/wp\/v2\/pages\/64\/revisions\/1759"}],"up":[{"embeddable":true,"href":"https:\/\/sinomed.ch\/fr\/wp-json\/wp\/v2\/pages\/63"}],"wp:attachment":[{"href":"https:\/\/sinomed.ch\/fr\/wp-json\/wp\/v2\/media?parent=64"}],"curies":[{"name":"wp","href":"https:\/\/api.w.org\/{rel}","templated":true}]}}