{"id":66,"date":"2014-04-11T00:45:33","date_gmt":"2014-04-11T00:45:33","guid":{"rendered":"http:\/\/localhost\/sinomed\/de\/?page_id=66"},"modified":"2014-12-11T09:01:57","modified_gmt":"2014-12-11T09:01:57","slug":"moxibustion","status":"publish","type":"page","link":"https:\/\/sinomed.ch\/fr\/medecine-traditionnelle-chinoise\/methodes-de-traitement\/moxibustion\/","title":{"rendered":"Moxibustion"},"content":{"rendered":"<img loading=\"lazy\" decoding=\"async\" class=\"alignleft size-full wp-image-416\" src=\"https:\/\/sinomed.ch\/fr\/wp-content\/uploads\/2014\/04\/Moxa_Fotolia_40728280_XL.jpg\" alt=\"Moxibustion\" width=\"200\" height=\"300\" \/>\n<p>La moxibustion est un traitement des points d\u2019acupuncture ou de zones enti\u00e8res du corps par la chaleur. Cette m\u00e9thode est un \u00e9l\u00e9ment essentiel de la M\u00e9decine Traditionnelle Chinoise lors de traitement de maladies \u00e0 caract\u00e8re Yin (froid). La moxibustion est utilis\u00e9e pour apporter de l\u2019\u00e9nergie et de la chaleur au corps. C\u2019est notamment le cas lors de maladies chroniques de longue date ou d\u2019une perte importante de Yang (par ex. \u00e9tats de faiblesse, sensation de froid, diarrh\u00e9e chronique). En revanche des maladies avec un exc\u00e9dent de Yang ne sont pas trait\u00e9es avec la moxibustion et son application requiert de la prudence pendant la menstruation.<\/p>\n<p>Pour la moxibustion ou la th\u00e9rapie Moxa, on br\u00fble du Moxa sous forme de c\u00f4ne, rouleau ou de \u00ab\u00a0la ouate\u00a0\u00bb. Le Moxa est fabriqu\u00e9 avec les feuilles s\u00e9ch\u00e9es de l\u2019armoise (Artemisia vulgaris), soit pur, soit avec un m\u00e9lange d\u2019autres plantes ou encore sur la base de recettes compos\u00e9es de diff\u00e9rentes plantes. Le Moxa en incandescence est tenu sur le point d\u2019acupuncture ou directement fix\u00e9 sur l\u2019aiguille d\u2019acupuncture.<\/p>\n<p>&nbsp;<\/p>\n","protected":false},"excerpt":{"rendered":"<p>La moxibustion est un traitement des points d\u2019acupuncture ou de zones enti\u00e8res du corps par la chaleur. Cette m\u00e9thode est un \u00e9l\u00e9ment essentiel de la M\u00e9decine Traditionnelle Chinoise lors de traitement de maladies \u00e0 caract\u00e8re Yin (froid). La moxibustion est utilis\u00e9e pour apporter de l\u2019\u00e9nergie et de la chaleur au corps. C\u2019est notamment le cas&#8230;  <a class=\"excerpt-read-more\" href=\"https:\/\/sinomed.ch\/fr\/medecine-traditionnelle-chinoise\/methodes-de-traitement\/moxibustion\/\" title=\"Lire Moxibustion\">En savoir plus\u2026<\/a><\/p>\n","protected":false},"author":1,"featured_media":0,"parent":63,"menu_order":0,"comment_status":"open","ping_status":"open","template":"","meta":{"footnotes":""},"_links":{"self":[{"href":"https:\/\/sinomed.ch\/fr\/wp-json\/wp\/v2\/pages\/66"}],"collection":[{"href":"https:\/\/sinomed.ch\/fr\/wp-json\/wp\/v2\/pages"}],"about":[{"href":"https:\/\/sinomed.ch\/fr\/wp-json\/wp\/v2\/types\/page"}],"author":[{"embeddable":true,"href":"https:\/\/sinomed.ch\/fr\/wp-json\/wp\/v2\/users\/1"}],"replies":[{"embeddable":true,"href":"https:\/\/sinomed.ch\/fr\/wp-json\/wp\/v2\/comments?post=66"}],"version-history":[{"count":1,"href":"https:\/\/sinomed.ch\/fr\/wp-json\/wp\/v2\/pages\/66\/revisions"}],"predecessor-version":[{"id":1760,"href":"https:\/\/sinomed.ch\/fr\/wp-json\/wp\/v2\/pages\/66\/revisions\/1760"}],"up":[{"embeddable":true,"href":"https:\/\/sinomed.ch\/fr\/wp-json\/wp\/v2\/pages\/63"}],"wp:attachment":[{"href":"https:\/\/sinomed.ch\/fr\/wp-json\/wp\/v2\/media?parent=66"}],"curies":[{"name":"wp","href":"https:\/\/api.w.org\/{rel}","templated":true}]}}