{"id":68,"date":"2014-04-11T00:46:09","date_gmt":"2014-04-11T00:46:09","guid":{"rendered":"http:\/\/localhost\/sinomed\/de\/?page_id=68"},"modified":"2014-12-04T08:59:50","modified_gmt":"2014-12-04T08:59:50","slug":"massage-tuina","status":"publish","type":"page","link":"https:\/\/sinomed.ch\/fr\/medecine-traditionnelle-chinoise\/methodes-de-traitement\/massage-tuina\/","title":{"rendered":"Massage tuina"},"content":{"rendered":"<img loading=\"lazy\" decoding=\"async\" class=\"alignleft size-full wp-image-418\" src=\"https:\/\/sinomed.ch\/fr\/wp-content\/uploads\/2014\/04\/Tuina_Fotolia_59887710_XL.jpg\" alt=\"Massage tuina\" width=\"300\" height=\"200\" \/>\n<p>Le massage Tuina remplit une fonction importante dans l\u2019hygi\u00e8ne et le bien-\u00eatre des Chinois depuis des milliers d\u2019ann\u00e9es.<\/p>\n<p>Le massage Tuina n\u2019est pas comparable \u00e0 un massage occidental. Le concept chinois \u00ab\u00a0tuina\u00a0\u00bb peut \u00eatre traduit par \u00ab\u00a0faire glisser et saisir\u00a0\u00bb. Il sert \u00e0 r\u00e9soudre des tensions et agit \u00e9galement \u00e0 l\u2019int\u00e9rieur du corps en \u00e9liminant des blocages \u00e9nerg\u00e9tiques.<\/p>\n<p>Contrairement \u00e0 l\u2019acupuncture, ce sont les m\u00e9ridiens et non seulement les points d\u2019acupuncture qui sont trait\u00e9s par cette m\u00e9thode.<\/p>\n","protected":false},"excerpt":{"rendered":"<p>Le massage Tuina remplit une fonction importante dans l\u2019hygi\u00e8ne et le bien-\u00eatre des Chinois depuis des milliers d\u2019ann\u00e9es. Le massage Tuina n\u2019est pas comparable \u00e0 un massage occidental. Le concept chinois \u00ab\u00a0tuina\u00a0\u00bb peut \u00eatre traduit par \u00ab\u00a0faire glisser et saisir\u00a0\u00bb. Il sert \u00e0 r\u00e9soudre des tensions et agit \u00e9galement \u00e0 l\u2019int\u00e9rieur du corps en \u00e9liminant&#8230;  <a class=\"excerpt-read-more\" href=\"https:\/\/sinomed.ch\/fr\/medecine-traditionnelle-chinoise\/methodes-de-traitement\/massage-tuina\/\" title=\"Lire Massage tuina\">En savoir plus\u2026<\/a><\/p>\n","protected":false},"author":1,"featured_media":0,"parent":63,"menu_order":0,"comment_status":"open","ping_status":"open","template":"","meta":{"footnotes":""},"_links":{"self":[{"href":"https:\/\/sinomed.ch\/fr\/wp-json\/wp\/v2\/pages\/68"}],"collection":[{"href":"https:\/\/sinomed.ch\/fr\/wp-json\/wp\/v2\/pages"}],"about":[{"href":"https:\/\/sinomed.ch\/fr\/wp-json\/wp\/v2\/types\/page"}],"author":[{"embeddable":true,"href":"https:\/\/sinomed.ch\/fr\/wp-json\/wp\/v2\/users\/1"}],"replies":[{"embeddable":true,"href":"https:\/\/sinomed.ch\/fr\/wp-json\/wp\/v2\/comments?post=68"}],"version-history":[{"count":0,"href":"https:\/\/sinomed.ch\/fr\/wp-json\/wp\/v2\/pages\/68\/revisions"}],"up":[{"embeddable":true,"href":"https:\/\/sinomed.ch\/fr\/wp-json\/wp\/v2\/pages\/63"}],"wp:attachment":[{"href":"https:\/\/sinomed.ch\/fr\/wp-json\/wp\/v2\/media?parent=68"}],"curies":[{"name":"wp","href":"https:\/\/api.w.org\/{rel}","templated":true}]}}