{"id":69,"date":"2014-04-11T00:46:32","date_gmt":"2014-04-11T00:46:32","guid":{"rendered":"http:\/\/localhost\/sinomed\/de\/?page_id=69"},"modified":"2014-12-04T09:01:33","modified_gmt":"2014-12-04T09:01:33","slug":"ventouses","status":"publish","type":"page","link":"https:\/\/sinomed.ch\/fr\/medecine-traditionnelle-chinoise\/methodes-de-traitement\/ventouses\/","title":{"rendered":"Ventouses"},"content":{"rendered":"<img loading=\"lazy\" decoding=\"async\" class=\"alignleft size-full wp-image-423\" src=\"https:\/\/sinomed.ch\/fr\/wp-content\/uploads\/2014\/04\/Schroepfen_Fotolia_36270478_L.jpg\" alt=\"Ventouses\" width=\"300\" height=\"200\" \/>\n<p>La M\u00e9decine Chinoise conna\u00eet \u00e9galement les ventouses, jadis souvent appliqu\u00e9es chez nous.<\/p>\n<p>Cette technique consiste \u00e0 chauffer des bulles de verre de tailles diff\u00e9rentes \u00e0 l\u2019aide d\u2019une flamme d\u2019alcool et de les poser sur des zones d\u00e9finies du corps. Le refroidissement du verre cr\u00e9e un vide d\u2019air \u00e0 l\u2019int\u00e9rieur qui aspire la peau, ce qui entra\u00eene un certain nombre d\u2019effets b\u00e9n\u00e9fiques :<\/p>\n<ul>\n<li>stimulation de la circulation sanguine<\/li>\n<li>stimulation du m\u00e9tabolisme (\u00e9limination des toxines)<\/li>\n<li>assouplissement de tissus adh\u00e9rentiels ou cicatriciels<\/li>\n<li>normalisation des tensions et de l\u2019\u00e9lasticit\u00e9 des tissus<\/li>\n<li>diminution de la douleur<\/li>\n<li>stimulation d\u2019organes internes par r\u00e9flexe \u00e0 travers la peau<\/li>\n<\/ul>\n","protected":false},"excerpt":{"rendered":"<p>La M\u00e9decine Chinoise conna\u00eet \u00e9galement les ventouses, jadis souvent appliqu\u00e9es chez nous. Cette technique consiste \u00e0 chauffer des bulles de verre de tailles diff\u00e9rentes \u00e0 l\u2019aide d\u2019une flamme d\u2019alcool et de les poser sur des zones d\u00e9finies du corps. Le refroidissement du verre cr\u00e9e un vide d\u2019air \u00e0 l\u2019int\u00e9rieur qui aspire la peau, ce qui&#8230;  <a class=\"excerpt-read-more\" href=\"https:\/\/sinomed.ch\/fr\/medecine-traditionnelle-chinoise\/methodes-de-traitement\/ventouses\/\" title=\"Lire Ventouses\">En savoir plus\u2026<\/a><\/p>\n","protected":false},"author":1,"featured_media":0,"parent":63,"menu_order":0,"comment_status":"open","ping_status":"open","template":"","meta":{"footnotes":""},"_links":{"self":[{"href":"https:\/\/sinomed.ch\/fr\/wp-json\/wp\/v2\/pages\/69"}],"collection":[{"href":"https:\/\/sinomed.ch\/fr\/wp-json\/wp\/v2\/pages"}],"about":[{"href":"https:\/\/sinomed.ch\/fr\/wp-json\/wp\/v2\/types\/page"}],"author":[{"embeddable":true,"href":"https:\/\/sinomed.ch\/fr\/wp-json\/wp\/v2\/users\/1"}],"replies":[{"embeddable":true,"href":"https:\/\/sinomed.ch\/fr\/wp-json\/wp\/v2\/comments?post=69"}],"version-history":[{"count":0,"href":"https:\/\/sinomed.ch\/fr\/wp-json\/wp\/v2\/pages\/69\/revisions"}],"up":[{"embeddable":true,"href":"https:\/\/sinomed.ch\/fr\/wp-json\/wp\/v2\/pages\/63"}],"wp:attachment":[{"href":"https:\/\/sinomed.ch\/fr\/wp-json\/wp\/v2\/media?parent=69"}],"curies":[{"name":"wp","href":"https:\/\/api.w.org\/{rel}","templated":true}]}}