{"id":70,"date":"2014-04-11T00:49:26","date_gmt":"2014-04-11T00:49:26","guid":{"rendered":"http:\/\/localhost\/sinomed\/de\/?page_id=70"},"modified":"2014-12-11T09:03:30","modified_gmt":"2014-12-11T09:03:30","slug":"phytotherapie","status":"publish","type":"page","link":"https:\/\/sinomed.ch\/fr\/medecine-traditionnelle-chinoise\/methodes-de-traitement\/phytotherapie\/","title":{"rendered":"Phytoth\u00e9rapie"},"content":{"rendered":"<img loading=\"lazy\" decoding=\"async\" class=\"alignleft size-full wp-image-425\" style=\"margin-bottom: 36px;\" src=\"https:\/\/sinomed.ch\/fr\/wp-content\/uploads\/2014\/04\/Kraeutertherapie.jpg\" alt=\"Phytoth\u00e9rapie\" width=\"300\" height=\"200\" \/>\n<p><strong>Un potentiel th\u00e9rapeutique en \u00e9volution constante<\/strong><\/p>\n<p>Utilis\u00e9e depuis plus de 3 500 ans, la pharmacop\u00e9e chinoise comprend quelques milliers de substances, dont plus de 300 sont d&rsquo;usage courant. Une grande partie des connaissances propres \u00e0 cette pharmacop\u00e9e d\u00e9coule d&rsquo;une pratique traditionnelle populaire mais les m\u00e9decins chinois ont \u00e9galement accumul\u00e9 de tr\u00e8s nombreuses donn\u00e9es et exp\u00e9riences au fil du temps.<\/p>\n<p>Aujourd&rsquo;hui, la pharmacologie et la recherche continuent d&rsquo;approfondir cette th\u00e9rapeutique mill\u00e9naire, tandis que les praticiens contemporains \u00e9laborent de nouveaux traitements, de mieux en mieux adapt\u00e9s aux maux de notre \u00e9poque. La pharmacop\u00e9e chinoise est donc une approche vivante.<\/p>\n<p>Certaines des plantes utilis\u00e9es couramment en M\u00e9decine traditionnelle chinoise nous sont famili\u00e8res, la r\u00e9glisse ou la verveine, par exemple. Plusieurs sont toutefois peu ou pas connues ici et ne poss\u00e8dent m\u00eame pas de nom fran\u00e7ais.<\/p>\n<p>L&rsquo;herboristerie traditionnelle chinoise mise sur l&rsquo;effet conjugu\u00e9 des diverses composantes de la plante. Et il est courant d\u2019utiliser plusieurs plantes en m\u00eame temps pour r\u00e9aliser une \u00ab pr\u00e9paration \u00bb. On profite ainsi des pouvoirs conjugu\u00e9s de plusieurs ingr\u00e9dients et cela minimise les effets secondaires que pourrait causer la prise d\u2019une seule plante en grande quantit\u00e9.<\/p>\n<p>Autre \u00e9l\u00e9ment fondamental, les herbes sont choisies sp\u00e9cifiquement en fonction de la personne \u00e0 traiter. Le\u00a0\u00a0 \u00a0 \u00a0\u00a0 \u00ab bon \u00bb m\u00e9dicament convient \u00e0 telle personne et pas \u00e0 une autre. Pour prescrire une plante ou une pr\u00e9paration, le praticien doit comprendre non seulement les causes sous-jacentes des sympt\u00f4mes, mais la nature propre de son patient. Il tient compte de deux \u00e9l\u00e9ments lors d&rsquo;une m\u00e9dication \u00e0 base de plantes : la pertinence de la m\u00e9dication et la qualit\u00e9 des plantes comme telles.<\/p>\n<p>Quant \u00e0 la qualit\u00e9 des herbes import\u00e9es\u00a0: chaque plante est contr\u00f4l\u00e9e et approuv\u00e9e par Swissmedic, sans l\u2019autorisation de Swissmedic la plante ne peut pas \u00eatre vendue. La pharmacie \u00ab\u00a0Complemedis\u00a0\u00bb collabore avec les centres Sinomed depuis de nombreuses ann\u00e9es. D\u00e8s la r\u00e9ception de l\u2019ordonnance, cette derni\u00e8re envoie par poste la phytoth\u00e9rapie aux patients.<\/p>\n<p>Les herbes chinoises sont conditionn\u00e9es soit sous forme de poudre qui sera d\u00e9lay\u00e9e dans de l\u2019eau chaude, soit sous forme de comprim\u00e9s (d\u2019utilisation facile).<\/p>\n","protected":false},"excerpt":{"rendered":"<p>Un potentiel th\u00e9rapeutique en \u00e9volution constante Utilis\u00e9e depuis plus de 3 500 ans, la pharmacop\u00e9e chinoise comprend quelques milliers de substances, dont plus de 300 sont d&rsquo;usage courant. Une grande partie des connaissances propres \u00e0 cette pharmacop\u00e9e d\u00e9coule d&rsquo;une pratique traditionnelle populaire mais les m\u00e9decins chinois ont \u00e9galement accumul\u00e9 de tr\u00e8s nombreuses donn\u00e9es et exp\u00e9riences&#8230;  <a class=\"excerpt-read-more\" href=\"https:\/\/sinomed.ch\/fr\/medecine-traditionnelle-chinoise\/methodes-de-traitement\/phytotherapie\/\" title=\"Lire Phytoth\u00e9rapie\">En savoir plus\u2026<\/a><\/p>\n","protected":false},"author":1,"featured_media":0,"parent":63,"menu_order":0,"comment_status":"open","ping_status":"open","template":"","meta":{"footnotes":""},"_links":{"self":[{"href":"https:\/\/sinomed.ch\/fr\/wp-json\/wp\/v2\/pages\/70"}],"collection":[{"href":"https:\/\/sinomed.ch\/fr\/wp-json\/wp\/v2\/pages"}],"about":[{"href":"https:\/\/sinomed.ch\/fr\/wp-json\/wp\/v2\/types\/page"}],"author":[{"embeddable":true,"href":"https:\/\/sinomed.ch\/fr\/wp-json\/wp\/v2\/users\/1"}],"replies":[{"embeddable":true,"href":"https:\/\/sinomed.ch\/fr\/wp-json\/wp\/v2\/comments?post=70"}],"version-history":[{"count":2,"href":"https:\/\/sinomed.ch\/fr\/wp-json\/wp\/v2\/pages\/70\/revisions"}],"predecessor-version":[{"id":1762,"href":"https:\/\/sinomed.ch\/fr\/wp-json\/wp\/v2\/pages\/70\/revisions\/1762"}],"up":[{"embeddable":true,"href":"https:\/\/sinomed.ch\/fr\/wp-json\/wp\/v2\/pages\/63"}],"wp:attachment":[{"href":"https:\/\/sinomed.ch\/fr\/wp-json\/wp\/v2\/media?parent=70"}],"curies":[{"name":"wp","href":"https:\/\/api.w.org\/{rel}","templated":true}]}}