{"id":804,"date":"2014-08-05T16:09:48","date_gmt":"2014-08-05T16:09:48","guid":{"rendered":"http:\/\/localhost\/sinomed\/de\/?page_id=804"},"modified":"2014-11-19T14:52:10","modified_gmt":"2014-11-19T14:52:10","slug":"jojoskin","status":"publish","type":"page","link":"https:\/\/sinomed.ch\/fr\/produits\/jojoskin\/","title":{"rendered":"Jojoskin"},"content":{"rendered":"<h5 class=\"after-h1\">Huile de Jojoba<\/h5>\n<p>Vous \u00eates en pr\u00e9sence d\u2019un produit incroyable qui pourrait bien donner un nouveau d\u00e9part \u00e0 votre peau et \u00e0 vos cheveux. Jojoskin est tout simplement la meilleure huile de jojoba du monde.<\/p>\n<h3>Origine et extraction<\/h3>\n<p><img loading=\"lazy\" decoding=\"async\" src=\"https:\/\/sinomed.ch\/fr\/wp-content\/uploads\/2014\/08\/Jojoba-fruit.jpg\" alt=\"Jojoba fruit\" width=\"200\" height=\"267\" class=\"alignleft size-full wp-image-1615\" \/>Le jojoba fut d\u00e9couvert par les Azt\u00e8ques dans le d\u00e9sert de Sonora au Mexique voil\u00e0 des si\u00e8cles. Ils d\u00e9couvrirent qu\u2019en pressant ce fruit on pouvait en extraire une huile naturelle aux propri\u00e9t\u00e9s uniques. Ils s\u2019en enduisaient le corps et les cheveux pour se prot\u00e9ger des agressions climatiques extr\u00eames (vent, froid, soleil) ainsi que pour soigner leurs blessures. Comme elle donnait un aspect jeune \u00e0 leur peau, ils la nomm\u00e8rent fontaine de jouvence.<\/p>\n<p>L\u2019huile de jojoba Jojoskin est extraite de fruits cultiv\u00e9s dans le d\u00e9sert d\u2019Atacama au Nord du Chili, dans une zone libre de toute pollution. Situ\u00e9e entre les Andes et le Pacifique, et bien que ce d\u00e9sert soit un des plus arides au monde, les plants de jojoba y b\u00e9n\u00e9ficient de conditions id\u00e9ales pour leurs croissances\u00a0: sols riches en min\u00e9raux divers, condensation naturelle due \u00e0 l\u2019\u00e9cart de temp\u00e9rature jour\/nuit pour leur humidification. Aucun pesticide n\u2019est utilis\u00e9 ni engrais chimique, les sols sont naturellement riches pour \u00e9viter toute adjonction de fertilisants. Le jojoba est r\u00e9colt\u00e9 une fois dans l\u2019ann\u00e9e et press\u00e9 \u00e0 froid m\u00e9caniquement. L\u2019huile extraite est d\u00e9cant\u00e9e selon un cycle naturel du temps sans centrifugation afin de pr\u00e9server les qualit\u00e9s du produit, dans le plus pur respect des cultures ancestrales. Apr\u00e8s six mois d\u2019attente, elle est mise en bouteille dans un laboratoire agr\u00e9\u00e9.<\/p>\n<p>L\u2019huile Jojoskin est 100% pure et naturelle. De couleur jaune or, totalement inodore et inoxydable.<\/p>\n<p><img loading=\"lazy\" decoding=\"async\" src=\"https:\/\/sinomed.ch\/fr\/wp-content\/uploads\/2014\/08\/photo-officielle-Jojoskin.jpg\" alt=\"photo officielle Jojoskin\" width=\"200\" height=\"300\" class=\"alignright size-full wp-image-1616\" \/><strong>Traitement du corps<\/strong>\u00a0: pour enfants, femmes et hommes. Hydratant apr\u00e8s le bain, cr\u00e8me de jour ou de nuit, r\u00e9gularise le flux s\u00e9borrh\u00e9ique. Film non gras apr\u00e8s l\u2019application, ne t\u00e2che pas les tissus. Toutes les peaux, tous \u00e2ges\u00a0: r\u00e9g\u00e9n\u00e9rant, hydratant, hypoallerg\u00e9nique, soigne efficacement les peaux s\u00e8ches et ab\u00eem\u00e9es. Effet antivieillissement exceptionnel reconnu.<\/p>\n<p><strong>Visage<\/strong>\u00a0: hydrate naturellement en profondeur le derme, anti radicaux libre, permet de fabriquer du collag\u00e8ne qui donne \u00e9lasticit\u00e9 et aspect jeune \u00e0 la peau, peut servir de d\u00e9maquillant, laisse un film non gras qui prot\u00e8ge des agressions du froid et de la s\u00e8cheresse, protecteur solaire naturel facteur 10.<\/p>\n<p><strong>Baume apr\u00e8s-rasage<\/strong>\u00a0: apaise et hydrate la peau en profondeur apr\u00e8s le rasage. Donne un aspect soign\u00e9 \u00e0 la peau. Permet l\u2019utilisation de son after-shave parfum\u00e9 apr\u00e8s application de l\u2019huile en \u00e9vitant l\u2019effet de br\u00fblure.<\/p>\n<p><strong>B\u00e9b\u00e9\u00a0:<\/strong> recommand\u00e9 pour les enfants pour ses qualit\u00e9s nourrissantes, ses apports en vitamines et prot\u00e9ines. A utiliser apr\u00e8s le bain quotidien et le nettoyage de leur peau. Soigne leur peau, att\u00e9nue les effets de rougeur.<\/p>\n<p><strong>Cheveux\u00a0<\/strong>: Pour cheveux secs et gras. Donne brillance et souplesse, revitalise le cheveu, prot\u00e8ge les pointes. Appliquer quelques gouttes sur les cheveux secs ou humides durant la nuit, puis laver normalement le matin.<\/p>\n<p><strong>Massage\u00a0:<\/strong> id\u00e9al pour une utilisation combin\u00e9e avec des huiles essentielles, Laisse un film non gras apr\u00e8s utilisation. Son effet p\u00e9n\u00e9trant permet d\u2019accentuer les bienfaits des huiles essentielles.<\/p>\n","protected":false},"excerpt":{"rendered":"<p>Huile de Jojoba Vous \u00eates en pr\u00e9sence d\u2019un produit incroyable qui pourrait bien donner un nouveau d\u00e9part \u00e0 votre peau et \u00e0 vos cheveux. Jojoskin est tout simplement la meilleure huile de jojoba du monde. Origine et extraction Le jojoba fut d\u00e9couvert par les Azt\u00e8ques dans le d\u00e9sert de Sonora au Mexique voil\u00e0 des si\u00e8cles&#8230;.  <a class=\"excerpt-read-more\" href=\"https:\/\/sinomed.ch\/fr\/produits\/jojoskin\/\" title=\"Lire Jojoskin\">En savoir plus\u2026<\/a><\/p>\n","protected":false},"author":1,"featured_media":0,"parent":758,"menu_order":0,"comment_status":"open","ping_status":"open","template":"","meta":{"footnotes":""},"_links":{"self":[{"href":"https:\/\/sinomed.ch\/fr\/wp-json\/wp\/v2\/pages\/804"}],"collection":[{"href":"https:\/\/sinomed.ch\/fr\/wp-json\/wp\/v2\/pages"}],"about":[{"href":"https:\/\/sinomed.ch\/fr\/wp-json\/wp\/v2\/types\/page"}],"author":[{"embeddable":true,"href":"https:\/\/sinomed.ch\/fr\/wp-json\/wp\/v2\/users\/1"}],"replies":[{"embeddable":true,"href":"https:\/\/sinomed.ch\/fr\/wp-json\/wp\/v2\/comments?post=804"}],"version-history":[{"count":0,"href":"https:\/\/sinomed.ch\/fr\/wp-json\/wp\/v2\/pages\/804\/revisions"}],"up":[{"embeddable":true,"href":"https:\/\/sinomed.ch\/fr\/wp-json\/wp\/v2\/pages\/758"}],"wp:attachment":[{"href":"https:\/\/sinomed.ch\/fr\/wp-json\/wp\/v2\/media?parent=804"}],"curies":[{"name":"wp","href":"https:\/\/api.w.org\/{rel}","templated":true}]}}