{"id":817,"date":"2014-08-05T18:16:32","date_gmt":"2014-08-05T18:16:32","guid":{"rendered":"http:\/\/localhost\/sinomed\/de\/?page_id=817"},"modified":"2014-11-11T08:03:20","modified_gmt":"2014-11-11T08:03:20","slug":"herba-chaud","status":"publish","type":"page","link":"https:\/\/sinomed.ch\/fr\/produits\/herba-chaud\/","title":{"rendered":"Herba Chaud"},"content":{"rendered":"<h5 class=\"after-h1\">Empl\u00e2tre chauffant naturel<\/h5>\n<img loading=\"lazy\" decoding=\"async\" class=\"alignleft size-full wp-image-818\" style=\"margin-bottom: 24px;\" src=\"https:\/\/sinomed.ch\/fr\/wp-content\/uploads\/2014\/08\/waermepflaster.jpg\" alt=\"waermepflaster\" width=\"233\" height=\"233\" srcset=\"https:\/\/sinomed.ch\/fr\/wp-content\/uploads\/2014\/08\/waermepflaster.jpg 233w, https:\/\/sinomed.ch\/fr\/wp-content\/uploads\/2014\/08\/waermepflaster-125x125.jpg 125w\" sizes=\"(max-width: 233px) 100vw, 233px\" \/>\n<p>Aide pour\u00a0:<\/p>\n<ul>\n<li>Muscles tendus au niveau des \u00e9paules et de la nuque<\/li>\n<li>Douleurs rhumatismales<\/li>\n<li>Douleurs dorsales<\/li>\n<li>Troubles menstruels<\/li>\n<li>Blessures sportives<\/li>\n<\/ul>\n<p>L\u2019empl\u00e2tre chauffant HerbaChaud est le r\u00e9sultat de l\u2019am\u00e9lioration d\u2019un m\u00e9lange ancestral \u00e0 base de min\u00e9raux et d\u2019herbes m\u00e9dicinales qui, associ\u00e9 \u00e0 une thermo technique d\u2019un nouveau genre, calme et inhibe les douleurs et les inflammations.<\/p>\n<p>Apr\u00e8s avoir ouvert l\u2019emballage de l\u2019empl\u00e2tre, le m\u00e9lange commence \u00e0 faire effet au contact de l\u2019oxyg\u00e8ne et \u00e0 lib\u00e9rer une chaleur bienfaisante.<\/p>\n<blockquote><p>L\u2019effet chauffant peut durer jusqu\u2019\u00e0 12 heures.<\/p><\/blockquote>\n<p>Les avantages de l\u2019empl\u00e2tre chauffant HerbaChaud\u00a0:<\/p>\n<ul>\n<li>L\u2019empl\u00e2tre chauffant HerbaChaud est compos\u00e9 de substances 100% naturelles et v\u00e9g\u00e9tales<\/li>\n<li>Aucune apparition d\u2019effets secondaires m\u00eame en cas de traitement prolong\u00e9<\/li>\n<li>Tr\u00e8s facile \u00e0 utiliser<\/li>\n<li>Effet chauffant constant et longue dur\u00e9e.<\/li>\n<\/ul>\n","protected":false},"excerpt":{"rendered":"<p>Empl\u00e2tre chauffant naturel Aide pour\u00a0: Muscles tendus au niveau des \u00e9paules et de la nuque Douleurs rhumatismales Douleurs dorsales Troubles menstruels Blessures sportives L\u2019empl\u00e2tre chauffant HerbaChaud est le r\u00e9sultat de l\u2019am\u00e9lioration d\u2019un m\u00e9lange ancestral \u00e0 base de min\u00e9raux et d\u2019herbes m\u00e9dicinales qui, associ\u00e9 \u00e0 une thermo technique d\u2019un nouveau genre, calme et inhibe les douleurs&#8230;  <a class=\"excerpt-read-more\" href=\"https:\/\/sinomed.ch\/fr\/produits\/herba-chaud\/\" title=\"Lire Herba Chaud\">En savoir plus\u2026<\/a><\/p>\n","protected":false},"author":1,"featured_media":0,"parent":758,"menu_order":0,"comment_status":"open","ping_status":"open","template":"","meta":{"footnotes":""},"_links":{"self":[{"href":"https:\/\/sinomed.ch\/fr\/wp-json\/wp\/v2\/pages\/817"}],"collection":[{"href":"https:\/\/sinomed.ch\/fr\/wp-json\/wp\/v2\/pages"}],"about":[{"href":"https:\/\/sinomed.ch\/fr\/wp-json\/wp\/v2\/types\/page"}],"author":[{"embeddable":true,"href":"https:\/\/sinomed.ch\/fr\/wp-json\/wp\/v2\/users\/1"}],"replies":[{"embeddable":true,"href":"https:\/\/sinomed.ch\/fr\/wp-json\/wp\/v2\/comments?post=817"}],"version-history":[{"count":0,"href":"https:\/\/sinomed.ch\/fr\/wp-json\/wp\/v2\/pages\/817\/revisions"}],"up":[{"embeddable":true,"href":"https:\/\/sinomed.ch\/fr\/wp-json\/wp\/v2\/pages\/758"}],"wp:attachment":[{"href":"https:\/\/sinomed.ch\/fr\/wp-json\/wp\/v2\/media?parent=817"}],"curies":[{"name":"wp","href":"https:\/\/api.w.org\/{rel}","templated":true}]}}